{"id":1550,"date":"2023-11-14T10:43:50","date_gmt":"2023-11-14T09:43:50","guid":{"rendered":"https:\/\/calligraphie.adlania.net\/arabic-calligraphy\/"},"modified":"2023-11-14T10:43:50","modified_gmt":"2023-11-14T09:43:50","slug":"arabic-calligraphy","status":"publish","type":"page","link":"https:\/\/calligraphie.adlania.net\/en\/arabic-calligraphy\/","title":{"rendered":"Arabic calligraphy"},"content":{"rendered":"<section class=\"l-section wpb_row height_custom color_primary with_img\"><div class=\"l-section-img\" role=\"img\" data-img-width=\"2198\" data-img-height=\"1543\" style=\"background-image: url(https:\/\/calligraphie.adlania.net\/wp-content\/uploads\/2023\/11\/Fondation_Adlania_ICO_460_0686-fond.jpg);background-repeat: no-repeat;\"><\/div><div class=\"l-section-h i-cf\"><div class=\"g-cols vc_row via_grid cols_1 laptops-cols_inherit tablets-cols_inherit mobiles-cols_1 valign_top type_default stacking_default\"><div class=\"wpb_column vc_column_container\"><div class=\"vc_column-inner\"><div class=\"w-text us_custom_2865271d icon_atleft\"><span class=\"w-text-h\"><i class=\"fas fa-code\"><\/i><span class=\"w-text-value\">Introduction<\/span><\/span><\/div><div class=\"wpb_text_column us_custom_703b2333\"><div class=\"wpb_wrapper\"><h1 style=\"text-align: left;\"><span style=\"font-weight: 400;\">Arabic calligraphy<\/span><\/h1>\n<\/div><\/div><\/div><\/div><div class=\"wpb_column vc_column_container\"><div class=\"vc_column-inner\"><div class=\"wpb_text_column us_custom_a91f0dc9\"><div class=\"wpb_wrapper\"><p><b>Arabic calligraphy: ink, dot, line<\/b><\/p>\n<p><span style=\"font-weight: 400;\">In the interest of the preservation and transmission of the cultural and artistic heritage of Muslim civilization, the ADLANIA Foundation invites us to explore the world of Arabic writing from its origins to the present day.<\/span><\/p>\n<\/div><\/div><div class=\"w-separator size_medium\"><\/div><div class=\"w-image style_shadow-2 align_center\"><div class=\"w-image-h\"><div class=\"w-image-shadow\" style=\"background-image:url(https:\/\/calligraphie.adlania.net\/wp-content\/uploads\/2023\/11\/Coran-18-112.png);\"><\/div><img loading=\"lazy\" decoding=\"async\" width=\"3452\" height=\"425\" src=\"https:\/\/calligraphie.adlania.net\/wp-content\/uploads\/2023\/11\/Coran-18-112.png\" class=\"attachment-full size-full\" alt=\"\" srcset=\"https:\/\/calligraphie.adlania.net\/wp-content\/uploads\/2023\/11\/Coran-18-112.png 3452w, https:\/\/calligraphie.adlania.net\/wp-content\/uploads\/2023\/11\/Coran-18-112-300x37.png 300w, https:\/\/calligraphie.adlania.net\/wp-content\/uploads\/2023\/11\/Coran-18-112-1024x126.png 1024w, https:\/\/calligraphie.adlania.net\/wp-content\/uploads\/2023\/11\/Coran-18-112-800x98.png 800w, https:\/\/calligraphie.adlania.net\/wp-content\/uploads\/2023\/11\/Coran-18-112-600x74.png 600w, https:\/\/calligraphie.adlania.net\/wp-content\/uploads\/2023\/11\/Coran-18-112-150x18.png 150w\" sizes=\"auto, (max-width: 3452px) 100vw, 3452px\" \/><\/div><\/div><\/div><\/div><\/div><\/div><\/section><section class=\"l-section wpb_row height_custom\" id=\"overview\"><div class=\"l-section-h i-cf\"><div class=\"g-cols vc_row via_grid cols_2-1 laptops-cols_inherit tablets-cols_inherit mobiles-cols_1 valign_top type_default stacking_default\"><div class=\"wpb_column vc_column_container\"><div class=\"vc_column-inner\"><div class=\"wpb_text_column\"><div class=\"wpb_wrapper\"><p>Arabic calligraphy has been included on UNESCO&#8217;s List of Intangible Cultural Heritage of Humanity since December 14, 2021. This recognition as a major art, representative of the entire Muslim world, would certainly have been approved by the German poet Goethe (1789 \u2013 1832), he who affirmed, <a href=\"https:\/\/dessincalligraphiearabe.fr\/origines-de-la-calligraphie-arabe\/\">two centuries ago <\/a>: \u201c <i><b>No language other than Arabic has been blessed with such harmony between the soul, the word and calligraphy<\/b><\/i>\u201d.<\/p>\n<p>From the dawn of Muslim civilization, writing in Arabic characters evolved into an art form, as well as a veritable spiritual and religious institution. With the passage of time writing became calligraphy, to allow for the embellishment and transmission of the divine Word, the Qur\u2019an. This art represents a universe waiting to be read, and an open book in which Man is considered to be a <em>lawha<\/em> (wooden Qur\u2019anic tablet) and a calamus, infused with knowledge and the written word. Writing, reading and transmitting makes the human being at once the holder and revealer of knowledge of the manifested world (\u00e2lam al-Mulk). R\u00fbm\u00ee (1207-1273) thus describes his heart to be \u201c<b><i> like a feather pen in the hands of the Beloved <\/i><\/b><span style=\"font-weight: 400;\">\u201d.<\/span><\/p>\n<\/div><\/div><\/div><\/div><div class=\"wpb_column vc_column_container\"><div class=\"vc_column-inner\"><div class=\"w-gallery type_masonry action_popup_image ratio_auto count_1\" style=\"--columns:1;--items-gap:10px;\"><div class=\"w-gallery-list\"><div class=\"w-gallery-item\"><div class=\"w-gallery-item-img\"><img loading=\"lazy\" decoding=\"async\" width=\"1024\" height=\"1016\" src=\"https:\/\/calligraphie.adlania.net\/wp-content\/uploads\/2023\/11\/Fondation_Adlania_MAN_514_905-1024x1016.jpg\" class=\"attachment-large size-large\" alt=\"\" srcset=\"https:\/\/calligraphie.adlania.net\/wp-content\/uploads\/2023\/11\/Fondation_Adlania_MAN_514_905-1024x1016.jpg 1024w, https:\/\/calligraphie.adlania.net\/wp-content\/uploads\/2023\/11\/Fondation_Adlania_MAN_514_905-300x298.jpg 300w, https:\/\/calligraphie.adlania.net\/wp-content\/uploads\/2023\/11\/Fondation_Adlania_MAN_514_905-150x150.jpg 150w, https:\/\/calligraphie.adlania.net\/wp-content\/uploads\/2023\/11\/Fondation_Adlania_MAN_514_905-800x794.jpg 800w, https:\/\/calligraphie.adlania.net\/wp-content\/uploads\/2023\/11\/Fondation_Adlania_MAN_514_905.jpg 1607w\" sizes=\"auto, (max-width: 1024px) 100vw, 1024px\" \/><\/div><a class=\"w-gallery-item-link\" aria-label=\"Calligraphie de la basmallah sur parchemin.\nLettres en noir et signe de vocalisation en rouge, Mode : K\u00fbfi\" href=\"https:\/\/calligraphie.adlania.net\/wp-content\/uploads\/2023\/11\/Fondation_Adlania_MAN_514_905.jpg\" ref=\"magnificPopup\"><\/a><\/div><\/div><\/div><div class=\"wpb_text_column us_custom_584e1d76\"><div class=\"wpb_wrapper\"><p><b>Calligraphy of the bismallah on parchment<\/b><br \/>\nLetters in black and vocalization signs in red<br \/>\nADLANIA Foundation, Manuscripts, MAN-514<\/p>\n<\/div><\/div><\/div><\/div><\/div><\/div><\/section><section class=\"l-section wpb_row height_custom\"><div class=\"l-section-h i-cf\"><div class=\"g-cols vc_row via_grid cols_2-1 laptops-cols_inherit tablets-cols_inherit mobiles-cols_1 valign_top type_default stacking_default\"><div class=\"wpb_column vc_column_container\"><div class=\"vc_column-inner\"><div class=\"wpb_text_column\"><div class=\"wpb_wrapper\"><p><span style=\"font-weight: 400;\">Calligraphy in Arabic characters first shaped Arabo-Islamic writing, then gradually spread to Persian, Turkish, and Urdu, as well as all the other languages which adopted the Arabic alphabet.<\/span><\/p>\n<p><span style=\"font-weight: 400;\">Haloed with a sacred aura, calligraphy is an art form that allows us to perceive the eternal beauty of the Qur\u2019anic text. Muslim copyists strive to perfect their artistic style, because no writing is too beautiful to transcribe the Holy Book and the words of the Messenger of God. Calligraphy is not a simple fantasy of the scribe, but a quasi-religious and spiritual activity, duly regulated, and designated in Arabic by the word <em>khatt<\/em> (stroke, line). It is governed by standards comparable to those of music or mathematics.<\/span><\/p>\n<p><span style=\"font-weight: 400;\">Omnipresent in the visual landscape of Islam from its very beginnings to the contemporary period, calligraphy quickly became an autonomous visual art and the main ornamentation of manuscripts, mosques, madrasas and fountains. To this day, master calligraphers continue to transmit their knowledge from generation to generation through authentic chains of transmission.<\/span><\/p>\n<p><span style=\"font-weight: 400;\">Sheikh Khaled Bentounes<\/span><\/p>\n<\/div><\/div><\/div><\/div><div class=\"wpb_column vc_column_container\"><div class=\"vc_column-inner\"><\/div><\/div><\/div><\/div><\/section>\n","protected":false},"excerpt":{"rendered":"","protected":false},"author":1,"featured_media":0,"parent":0,"menu_order":0,"comment_status":"closed","ping_status":"closed","template":"","meta":{"footnotes":""},"class_list":["post-1550","page","type-page","status-publish","hentry"],"_links":{"self":[{"href":"https:\/\/calligraphie.adlania.net\/en\/wp-json\/wp\/v2\/pages\/1550","targetHints":{"allow":["GET"]}}],"collection":[{"href":"https:\/\/calligraphie.adlania.net\/en\/wp-json\/wp\/v2\/pages"}],"about":[{"href":"https:\/\/calligraphie.adlania.net\/en\/wp-json\/wp\/v2\/types\/page"}],"author":[{"embeddable":true,"href":"https:\/\/calligraphie.adlania.net\/en\/wp-json\/wp\/v2\/users\/1"}],"replies":[{"embeddable":true,"href":"https:\/\/calligraphie.adlania.net\/en\/wp-json\/wp\/v2\/comments?post=1550"}],"version-history":[{"count":0,"href":"https:\/\/calligraphie.adlania.net\/en\/wp-json\/wp\/v2\/pages\/1550\/revisions"}],"wp:attachment":[{"href":"https:\/\/calligraphie.adlania.net\/en\/wp-json\/wp\/v2\/media?parent=1550"}],"curies":[{"name":"wp","href":"https:\/\/api.w.org\/{rel}","templated":true}]}}