{"id":1568,"date":"2023-11-16T20:34:39","date_gmt":"2023-11-16T19:34:39","guid":{"rendered":"https:\/\/calligraphie.adlania.net\/umayyad-period-661-750\/"},"modified":"2023-11-16T20:34:39","modified_gmt":"2023-11-16T19:34:39","slug":"umayyad-period-661-750","status":"publish","type":"page","link":"https:\/\/calligraphie.adlania.net\/en\/umayyad-period-661-750\/","title":{"rendered":"Umayyad period (661-750)"},"content":{"rendered":"<section class=\"l-section wpb_row height_custom color_primary with_img\"><div class=\"l-section-img\" role=\"img\" data-img-width=\"2198\" data-img-height=\"1543\" style=\"background-image: url(https:\/\/calligraphie.adlania.net\/wp-content\/uploads\/2023\/11\/Fondation_Adlania_ICO_460_0686-fond.jpg);background-repeat: no-repeat;\"><\/div><div class=\"l-section-h i-cf\"><div class=\"g-cols vc_row via_grid cols_1 laptops-cols_inherit tablets-cols_inherit mobiles-cols_1 valign_top type_default stacking_default\"><div class=\"wpb_column vc_column_container\"><div class=\"vc_column-inner\"><div class=\"w-text us_custom_2865271d icon_atleft\"><span class=\"w-text-h\"><i class=\"fas fa-code\"><\/i><span class=\"w-text-value\">Chapter 4<\/span><\/span><\/div><div class=\"wpb_text_column us_custom_703b2333\"><div class=\"wpb_wrapper\"><h2><span style=\"font-weight: 400;\">Umayyad period (661-750)<\/span><\/h2>\n<\/div><\/div><\/div><\/div><div class=\"wpb_column vc_column_container\"><div class=\"vc_column-inner\"><div class=\"wpb_text_column us_custom_a91f0dc9\"><div class=\"wpb_wrapper\"><p>From the end of the 7<sup>th<\/sup> century, the Hijazi script was homogenized and reworked in a context marked by the increasingly widespread use of the Arabic alphabet throughout the Empire. It was at this time that the Umayyad caliph &#8216;Abd al-Malik (646 &#8211; 705) imposed the use of Arabic script in chancery. This period saw the emergence of the <em>Kufic<\/em> style, mainly used for writing the Qur\u2019an and decorating monuments. The Dome of the Rock mosque (Masjid Qubbatul-Sakhra) in Jerusalem, decorated with Qur\u2019anic quotations in the angular style known as Kufic, is an emblematic example of this writing style.<\/p>\n<\/div><\/div><\/div><\/div><\/div><\/div><\/section><section class=\"l-section wpb_row height_custom\"><div class=\"l-section-h i-cf\"><div class=\"g-cols vc_row via_grid cols_1 laptops-cols_inherit tablets-cols_inherit mobiles-cols_1 valign_top type_default stacking_default\"><div class=\"wpb_column vc_column_container\"><div class=\"vc_column-inner\"><div class=\"w-image us_custom_ddac99ac align_center\"><div class=\"w-image-h\"><img loading=\"lazy\" decoding=\"async\" width=\"2308\" height=\"907\" src=\"https:\/\/calligraphie.adlania.net\/wp-content\/uploads\/2023\/11\/Coran.png\" class=\"attachment-full size-full\" alt=\"\" srcset=\"https:\/\/calligraphie.adlania.net\/wp-content\/uploads\/2023\/11\/Coran.png 2308w, https:\/\/calligraphie.adlania.net\/wp-content\/uploads\/2023\/11\/Coran-300x118.png 300w, https:\/\/calligraphie.adlania.net\/wp-content\/uploads\/2023\/11\/Coran-1024x402.png 1024w, https:\/\/calligraphie.adlania.net\/wp-content\/uploads\/2023\/11\/Coran-800x314.png 800w, https:\/\/calligraphie.adlania.net\/wp-content\/uploads\/2023\/11\/Coran-600x236.png 600w, https:\/\/calligraphie.adlania.net\/wp-content\/uploads\/2023\/11\/Coran-150x59.png 150w\" sizes=\"auto, (max-width: 2308px) 100vw, 2308px\" \/><\/div><\/div><div class=\"wpb_text_column us_custom_584e1d76\"><div class=\"wpb_wrapper\"><p style=\"text-align: center;\"><b>Manuscript of the Qur\u2019an<br \/><\/b>Suras CII to CX <br \/>8<sup>th<\/sup> century<br \/>Style: Early Kufic<br \/>Parchment, 19,5 x 13 cm<br \/>ADLANIA Foundation, Manuscripts, MAN-179<\/p>\n<\/div><\/div><div class=\"w-image us_custom_ddac99ac align_center\"><div class=\"w-image-h\"><img loading=\"lazy\" decoding=\"async\" width=\"600\" height=\"596\" src=\"https:\/\/calligraphie.adlania.net\/wp-content\/uploads\/2023\/11\/Fondation_Adlania_MAN_514_905.jpg\" class=\"attachment-us_600_600 size-us_600_600\" alt=\"\" srcset=\"https:\/\/calligraphie.adlania.net\/wp-content\/uploads\/2023\/11\/Fondation_Adlania_MAN_514_905.jpg 1607w, https:\/\/calligraphie.adlania.net\/wp-content\/uploads\/2023\/11\/Fondation_Adlania_MAN_514_905-300x298.jpg 300w, https:\/\/calligraphie.adlania.net\/wp-content\/uploads\/2023\/11\/Fondation_Adlania_MAN_514_905-1024x1016.jpg 1024w, https:\/\/calligraphie.adlania.net\/wp-content\/uploads\/2023\/11\/Fondation_Adlania_MAN_514_905-150x150.jpg 150w, https:\/\/calligraphie.adlania.net\/wp-content\/uploads\/2023\/11\/Fondation_Adlania_MAN_514_905-800x794.jpg 800w\" sizes=\"auto, (max-width: 600px) 100vw, 600px\" \/><\/div><\/div><div class=\"wpb_text_column us_custom_584e1d76\"><div class=\"wpb_wrapper\"><p style=\"text-align: center;\"><b>Calligraphy of the \u201cbismallah\u201d<br \/><\/b>Style: Kufic<br \/>Parchment, 23,5 x 19,6 cm<br \/>ADLANIA Foundation, Manuscripts, MAN-514<\/p>\n<\/div><\/div><\/div><\/div><\/div><\/div><\/section><section class=\"l-section wpb_row height_custom\" id=\"overview\"><div class=\"l-section-h i-cf\"><div class=\"g-cols vc_row via_grid cols_2-1 laptops-cols_inherit tablets-cols_inherit mobiles-cols_1 valign_top type_default stacking_default\"><div class=\"wpb_column vc_column_container\"><div class=\"vc_column-inner\"><div class=\"wpb_text_column\"><div class=\"wpb_wrapper\"><h2><span style=\"font-weight: 400;\">1. The Kufa school<\/span><\/h2>\n<p>It was in Kufa, from the 8<sup>th<\/sup> century onwards, that a new calligraphic style called &#8220;<em>k\u00fbf\u00ee<\/em>&#8220;, aiming at aesthetic perfection, appeared alongside the <em>h\u00eej\u00e2zi<\/em> These were the first styles used for writing the Qur\u2019an.<\/p>\n<p>As the names of the precursors of this first school have been forgotten, the tree of transmission of this apprenticeship is traced back to Hassan al-Basri (642-728), one of the first links in certain Sufi spiritual chains and a pupil of Al\u00ee ibn Ab\u00ee T\u00e2lib (circa 600-661).<\/p>\n<h5><strong>1.1 Calligraphic styles<\/strong><\/h5>\n<h5><strong><em>K\u00fbf\u00ee<\/em> (8<sup>th<\/sup> century)<\/strong><\/h5>\n<p><em>K\u00fbf\u00ee<\/em> script is characterized by its straight, angular lines. The latter are characterized by the use of short vertical strokes, extended horizontal lines that often end up rounded, and blanks to insert a regular cadence and to separate words. Archaic <em>k\u00fbf\u00ee<\/em> is particularly difficult to decipher, as it is devoid of vocalization and vowel marks. To make reading easier, certain colored signs are added as they become necessary. Calligraphers of this style enriched <em>K\u00fbf\u00ee<\/em> writing, notably by adding arabesque at the beginning and end of the Holy Qur\u2019an to enhance the overall beauty of the Arabic characters.<\/p>\n<p>The development of the <em>k\u00fbf\u00ee<\/em> style reached its peak during the Abbasid dynasty, when over seventy variants of <em>k\u00fbf\u00ee<\/em> script were recorded, including :<\/p>\n<ul>\n<li>rectangular <em>k\u00fbf\u00ee<\/em> (&#8220;<em>shutranji<\/em>&#8221; or &#8220;chess set&#8221;), mainly used in architectural decor, with its highly geometric (labyrinthine) layout;<\/li>\n<li>\u201cflowery\u201d <em>k\u00fbf\u00ee<\/em>, used in the art of bookmaking, notably for title pages, monument decoration, pottery, ceramics, etc.;<\/li>\n<li>interlaced <em>k\u00fbf\u00ee<\/em>, which has since become an ornamental motif of choice in Maghrebian (North African) art, mainly in sculpted or chased plasterwork.<\/li>\n<\/ul>\n<h4><span style=\"font-weight: 400;\">1.2 Founding masters<\/span><\/h4>\n<h5>Khalid ibn al-Hayy\u00e2j (7<sup>th<\/sup> century)<\/h5>\n<p>Khalid ibn al-Hayy\u00e2j was the official scribe of Caliph Al-Wal\u00eed ibn Abdul Malik (668-715), known for his patronage of Islamic arts and architecture. In addition to his role in the realization of major architectural projects, he is known as the author of the calligraphy decorating the Medina mosque and for his contribution to the creation of numerous large and prestigious copies of the Qur\u2019an. <\/p>\n<\/div><\/div><\/div><\/div><div class=\"wpb_column vc_column_container\"><div class=\"vc_column-inner\"><div class=\"w-image align_none\"><div class=\"w-image-h\"><img loading=\"lazy\" decoding=\"async\" width=\"742\" height=\"1024\" src=\"https:\/\/calligraphie.adlania.net\/wp-content\/uploads\/2023\/11\/Feuillet-Man513-742x1024.png\" class=\"attachment-large size-large\" alt=\"\" srcset=\"https:\/\/calligraphie.adlania.net\/wp-content\/uploads\/2023\/11\/Feuillet-Man513-742x1024.png 742w, https:\/\/calligraphie.adlania.net\/wp-content\/uploads\/2023\/11\/Feuillet-Man513-217x300.png 217w, https:\/\/calligraphie.adlania.net\/wp-content\/uploads\/2023\/11\/Feuillet-Man513-580x800.png 580w, https:\/\/calligraphie.adlania.net\/wp-content\/uploads\/2023\/11\/Feuillet-Man513-109x150.png 109w, https:\/\/calligraphie.adlania.net\/wp-content\/uploads\/2023\/11\/Feuillet-Man513.png 869w\" sizes=\"auto, (max-width: 742px) 100vw, 742px\" \/><\/div><\/div><div class=\"wpb_text_column us_custom_584e1d76\"><div class=\"wpb_wrapper\"><p><strong>Page from a copy of the Qur\u2019an<\/strong><br \/>Sura XI 49-50,<br \/>9th century<br \/>Style: Early Kufic<br \/>Parchment, 29,4 x 20,8 cm<br \/>ADLANIA Foundation, Manuscripts, MAN-513<\/p>\n<\/div><\/div><div class=\"w-separator size_medium\"><\/div><div class=\"w-image align_none\"><div class=\"w-image-h\"><img loading=\"lazy\" decoding=\"async\" width=\"869\" height=\"945\" src=\"https:\/\/calligraphie.adlania.net\/wp-content\/uploads\/2023\/11\/OBJ-3589.png\" class=\"attachment-large size-large\" alt=\"\" srcset=\"https:\/\/calligraphie.adlania.net\/wp-content\/uploads\/2023\/11\/OBJ-3589.png 869w, https:\/\/calligraphie.adlania.net\/wp-content\/uploads\/2023\/11\/OBJ-3589-276x300.png 276w, https:\/\/calligraphie.adlania.net\/wp-content\/uploads\/2023\/11\/OBJ-3589-736x800.png 736w, https:\/\/calligraphie.adlania.net\/wp-content\/uploads\/2023\/11\/OBJ-3589-138x150.png 138w\" sizes=\"auto, (max-width: 869px) 100vw, 869px\" \/><\/div><\/div><div class=\"wpb_text_column us_custom_584e1d76\"><div class=\"wpb_wrapper\"><p><strong>Nephrite jade pendant<\/strong><br \/>with inscription in K\u00fbf\u00ee script<br \/>Sura LXI, 13<br \/>2 x 4 cm<br \/>ADLANIA Foundation, Objects, OBJ-3589<\/p>\n<\/div><\/div><\/div><\/div><\/div><\/div><\/section><section class=\"l-section wpb_row height_custom\" id=\"why-us\"><div class=\"l-section-h i-cf\"><div class=\"g-cols vc_row via_grid cols_2 laptops-cols_inherit tablets-cols_inherit mobiles-cols_1 valign_top type_default stacking_default\"><div class=\"wpb_column vc_column_container\"><div class=\"vc_column-inner\"><div class=\"w-image align_none\"><div class=\"w-image-h\"><img loading=\"lazy\" decoding=\"async\" width=\"917\" height=\"681\" src=\"https:\/\/calligraphie.adlania.net\/wp-content\/uploads\/2023\/11\/Man-630.png\" class=\"attachment-large size-large\" alt=\"\" srcset=\"https:\/\/calligraphie.adlania.net\/wp-content\/uploads\/2023\/11\/Man-630.png 917w, https:\/\/calligraphie.adlania.net\/wp-content\/uploads\/2023\/11\/Man-630-300x223.png 300w, https:\/\/calligraphie.adlania.net\/wp-content\/uploads\/2023\/11\/Man-630-800x594.png 800w, https:\/\/calligraphie.adlania.net\/wp-content\/uploads\/2023\/11\/Man-630-150x111.png 150w\" sizes=\"auto, (max-width: 917px) 100vw, 917px\" \/><\/div><\/div><div class=\"wpb_text_column us_custom_584e1d76\"><div class=\"wpb_wrapper\"><p><strong>Page from a copy of the Qur\u2019an<\/strong><br \/>Gold writing on blue background<br \/>Sura XXX 28<br \/>Style: Kufic<br \/>ADLANIA Foundation, Manuscripts, MAN-630<\/p>\n<\/div><\/div><\/div><\/div><div class=\"wpb_column vc_column_container\"><div class=\"vc_column-inner\"><div class=\"w-image align_none\"><div class=\"w-image-h\"><img loading=\"lazy\" decoding=\"async\" width=\"978\" height=\"755\" src=\"https:\/\/calligraphie.adlania.net\/wp-content\/uploads\/2023\/11\/Man-575.png\" class=\"attachment-large size-large\" alt=\"\" srcset=\"https:\/\/calligraphie.adlania.net\/wp-content\/uploads\/2023\/11\/Man-575.png 978w, https:\/\/calligraphie.adlania.net\/wp-content\/uploads\/2023\/11\/Man-575-300x232.png 300w, https:\/\/calligraphie.adlania.net\/wp-content\/uploads\/2023\/11\/Man-575-800x618.png 800w, https:\/\/calligraphie.adlania.net\/wp-content\/uploads\/2023\/11\/Man-575-150x116.png 150w\" sizes=\"auto, (max-width: 978px) 100vw, 978px\" \/><\/div><\/div><div class=\"wpb_text_column us_custom_e2acedf8\"><div class=\"wpb_wrapper\"><p><strong>Page from a copy of the Qur\u2019an<\/strong><br \/>Sura XXXVI 25-27<br \/>Style: Early Kufic<br \/>Parchment, 20 x 28 cm<br \/>ADLANIA Foundation, Manuscripts, MAN-575<\/p>\n<\/div><\/div><\/div><\/div><\/div><\/div><\/section><section class=\"l-section wpb_row height_custom\"><div class=\"l-section-h i-cf\"><div class=\"g-cols vc_row via_grid cols_2-1 laptops-cols_inherit tablets-cols_inherit mobiles-cols_1 valign_top type_default stacking_default\"><div class=\"wpb_column vc_column_container\"><div class=\"vc_column-inner\"><div class=\"wpb_text_column\"><div class=\"wpb_wrapper\"><h2><span style=\"font-weight: 400;\">2. Andalusian-Maghrebian school (929-1031)<\/span><br \/><span style=\"font-weight: 400;\">(929-1031)<\/span><\/h2>\n<p>The Umayyads of Andalusia, from the Arabic name al-Andalus, established a caliphal dynasty in 929. This period saw the blossoming of a brilliant cultural center that spread throughout the Mediterranean basin, giving rise to the <em>al-Maghribi<\/em> school. The &#8220;D\u00e2r al-isl\u00e2m&#8221; encompasses two schools of Islamic calligraphy: <em>al-mashriq\u00ee<\/em> from the Islamic East and <em>al-maghrib\u00ee<\/em> from Western Egypt through Southern Europe (Andalusia, Sicily, etc.). The <em>al-maghrib\u00ee<\/em> school, which originated in Kairouan, disseminated a Western <em>k\u00fbf\u00ee<\/em> style of writing, characterized by geometric shapes, square letters and elaborate ornamentation. It influenced Qur\u2019anic calligraphy, giving rise to four writing variants: <em>al-&#8216;andal\u00fbs\u00ee<\/em>, <em>al-qayraw\u00e2n\u00ee<\/em>, <em>sud\u00e2n\u00ee<\/em> and <em>f\u00e2s\u00ee<\/em>.<\/p>\n<h4><span style=\"font-weight: 400;\">2.1 Calligraphic styles<\/span><\/h4>\n<h5><em><span style=\"font-weight: 400;\">Maghrib\u00ee<\/span><\/em><\/h5>\n<p><em>Maghribi<\/em> calligraphy emerged in the 9<sup>th<\/sup> century and reached its peak in the 11<sup>th<\/sup> century. It is characterized by fine lines, generous shapes and slightly varying notation for certain letters. This cursive style was commonly used for religious, administrative and literary texts. It was also used to decorate palaces and mosques in North Africa and Andalusia, notably the Alhambra (Granada). Ibn al-Jazar\u00ee, a Muslim scholar (1350 &#8211; 1429) who lived in Andalusia, is one of the most famous Maghribi calligraphers.<\/p>\n<h5><em><span style=\"font-weight: 400;\">Andal\u00fbs\u00ee<\/span><\/em><\/h5>\n<p>The <em>Andalus\u00ee<\/em> calligraphic style flourished in Andalusia from the 9<sup>th<\/sup> to the 15<sup>th<\/sup> century. Linked to the <em>Maghribi<\/em> school, it is characterized by curved, flowing forms, with attention to harmonious lines and balanced composition. Letters are decorated with floral and geometric motifs, and manuscripts are adorned with shimmering colors and gold.<\/p>\n<p>Used in mosques, palaces and <em>madrasas<\/em>, <em>andal\u00fbs\u00ee<\/em> calligraphy adorns wall and architectural decorations with Qur\u2019anic verses, poems and decorative inscriptions, adding an aesthetic touch to these spaces. Originally from Cordoba, <em>Andalusian<\/em> calligraphy merged with the F\u00e2s\u00ee style after the Arabs left the Andalusian lands.<\/p>\n<p>Chroniclers of the time report that A\u00efcha bint Ahmad bin Muhammad bin Q\u00e2dim al-Qurtubiyya (d. 1009), from a famous family of scholars in Cordoba, was one of the great minds to shine in Andalusia. A poetess during the reign of Al-Mans\u00fbr (714-775) and his sons, she is also renowned for her mastery of the art of calligraphy. In particular, she produced several copies of the Qur\u2019an.<\/p>\n<h5><span style=\"font-weight: 400;\"><em>Sudan\u00ee<\/em> (10<sup>th<\/sup> century)<\/span><\/h5>\n<p><em>Sudan\u00ee<\/em> calligraphy is a style developed in West Africa. It is characterized by fluid strokes, gentle curves and ornate lettering, while incorporating local artistic elements. Used for religious texts, poems and administrative documents, it expresses the culture and art of West Africa through a variety of calligraphic styles: <em>al-s\u00fbq\u00ee<\/em>, <em>al-sahr\u00e2w\u00ee<\/em>, al-haws\u00ee , <em>al-maghrib\u00ee<\/em> and <em>al-charq\u00ee<\/em>.<\/p>\n<\/div><\/div><\/div><\/div><div class=\"wpb_column vc_column_container\"><div class=\"vc_column-inner\"><div class=\"w-image align_none\"><div class=\"w-image-h\"><img loading=\"lazy\" decoding=\"async\" width=\"951\" height=\"1024\" src=\"https:\/\/calligraphie.adlania.net\/wp-content\/uploads\/2023\/11\/OBJ-3060-951x1024.png\" class=\"attachment-large size-large\" alt=\"\" srcset=\"https:\/\/calligraphie.adlania.net\/wp-content\/uploads\/2023\/11\/OBJ-3060-951x1024.png 951w, https:\/\/calligraphie.adlania.net\/wp-content\/uploads\/2023\/11\/OBJ-3060-279x300.png 279w, https:\/\/calligraphie.adlania.net\/wp-content\/uploads\/2023\/11\/OBJ-3060-743x800.png 743w, https:\/\/calligraphie.adlania.net\/wp-content\/uploads\/2023\/11\/OBJ-3060-139x150.png 139w, https:\/\/calligraphie.adlania.net\/wp-content\/uploads\/2023\/11\/OBJ-3060.png 1081w\" sizes=\"auto, (max-width: 951px) 100vw, 951px\" \/><\/div><\/div><div class=\"wpb_text_column us_custom_e2acedf8\"><div class=\"wpb_wrapper\"><p><strong>Alms-measuring cup (Mudd) with calligraphic inscriptions<\/strong><br \/>Date of manufacture: 1504<br \/>Mohamed Ibn Abderahman<br \/>Copper<br \/>ADLANIA Foundation, Objects, OBJ-3060<\/p>\n<\/div><\/div><div class=\"w-separator size_medium\"><\/div><div class=\"w-image align_none\"><div class=\"w-image-h\"><img loading=\"lazy\" decoding=\"async\" width=\"729\" height=\"1024\" src=\"https:\/\/calligraphie.adlania.net\/wp-content\/uploads\/2023\/11\/Man-180-729x1024.jpg\" class=\"attachment-large size-large\" alt=\"\" srcset=\"https:\/\/calligraphie.adlania.net\/wp-content\/uploads\/2023\/11\/Man-180-729x1024.jpg 729w, https:\/\/calligraphie.adlania.net\/wp-content\/uploads\/2023\/11\/Man-180-214x300.jpg 214w, https:\/\/calligraphie.adlania.net\/wp-content\/uploads\/2023\/11\/Man-180-570x800.jpg 570w, https:\/\/calligraphie.adlania.net\/wp-content\/uploads\/2023\/11\/Man-180-107x150.jpg 107w, https:\/\/calligraphie.adlania.net\/wp-content\/uploads\/2023\/11\/Man-180.jpg 1043w\" sizes=\"auto, (max-width: 729px) 100vw, 729px\" \/><\/div><\/div><div class=\"wpb_text_column us_custom_e2acedf8\"><div class=\"wpb_wrapper\"><p><strong>Page from a copy of the Qur\u2019an<\/strong><br \/>Sura IX 83-84<br \/>Style: K\u00fbf\u00ee qayraw\u00e2n\u00ee<br \/>Paper, 13 x 9,5<br \/>ADLANIA Foundation, Manuscripts, MAN-180<\/p>\n<\/div><\/div><div class=\"w-image align_none\"><div class=\"w-image-h\"><img loading=\"lazy\" decoding=\"async\" width=\"876\" height=\"988\" src=\"https:\/\/calligraphie.adlania.net\/wp-content\/uploads\/2023\/11\/Man-118.png\" class=\"attachment-large size-large\" alt=\"\" srcset=\"https:\/\/calligraphie.adlania.net\/wp-content\/uploads\/2023\/11\/Man-118.png 876w, https:\/\/calligraphie.adlania.net\/wp-content\/uploads\/2023\/11\/Man-118-266x300.png 266w, https:\/\/calligraphie.adlania.net\/wp-content\/uploads\/2023\/11\/Man-118-709x800.png 709w, https:\/\/calligraphie.adlania.net\/wp-content\/uploads\/2023\/11\/Man-118-133x150.png 133w\" sizes=\"auto, (max-width: 876px) 100vw, 876px\" \/><\/div><\/div><div class=\"wpb_text_column us_custom_e2acedf8\"><div class=\"wpb_wrapper\"><p><strong>Manuscript of the Qur\u2019an<\/strong><br \/>Sura II 72-76<br \/>Style: Sud\u00e2n\u00ee<br \/>Paper, 20 x 16 cm<br \/>ADLANIA Foundation, Manuscripts, MAN-118<\/p>\n<\/div><\/div><\/div><\/div><\/div><\/div><\/section><section class=\"l-section wpb_row height_custom\"><div class=\"l-section-h i-cf\"><div class=\"g-cols vc_row via_grid cols_1 laptops-cols_inherit tablets-cols_inherit mobiles-cols_1 valign_top type_default stacking_default\"><div class=\"wpb_column vc_column_container\"><div class=\"vc_column-inner\"><div class=\"w-image align_center\"><div class=\"w-image-h\"><img loading=\"lazy\" decoding=\"async\" width=\"1024\" height=\"588\" src=\"https:\/\/calligraphie.adlania.net\/wp-content\/uploads\/2023\/11\/Man-199-1024x588.jpg\" class=\"attachment-large size-large\" alt=\"\" srcset=\"https:\/\/calligraphie.adlania.net\/wp-content\/uploads\/2023\/11\/Man-199-1024x588.jpg 1024w, https:\/\/calligraphie.adlania.net\/wp-content\/uploads\/2023\/11\/Man-199-300x172.jpg 300w, https:\/\/calligraphie.adlania.net\/wp-content\/uploads\/2023\/11\/Man-199-800x459.jpg 800w, https:\/\/calligraphie.adlania.net\/wp-content\/uploads\/2023\/11\/Man-199-600x345.jpg 600w, https:\/\/calligraphie.adlania.net\/wp-content\/uploads\/2023\/11\/Man-199-150x86.jpg 150w, https:\/\/calligraphie.adlania.net\/wp-content\/uploads\/2023\/11\/Man-199.jpg 2041w\" sizes=\"auto, (max-width: 1024px) 100vw, 1024px\" \/><\/div><\/div><div class=\"wpb_text_column us_custom_e2acedf8\"><div class=\"wpb_wrapper\"><p style=\"text-align: center;\"><strong>Collection of Hadiths (sayings of the Prophet)<\/strong><br \/>Al-Bukh\u00e2r\u00ee, al-J\u00e2mi&#8217; al-Sah\u00eeh<br \/>Tunisia, 14th century<br \/>Style: Maghrib\u00ee<br \/>Paper, 21 x 19 cm<br \/>ADLANIA Foundation, Manuscripts, MAN-199<\/p>\n<\/div><\/div><\/div><\/div><\/div><\/div><\/section><section class=\"l-section wpb_row height_custom\"><div class=\"l-section-h i-cf\"><div class=\"g-cols vc_row via_grid cols_2-1 laptops-cols_inherit tablets-cols_inherit mobiles-cols_1 valign_top type_default stacking_default\"><div class=\"wpb_column vc_column_container\"><div class=\"vc_column-inner\"><div class=\"wpb_text_column\"><div class=\"wpb_wrapper\"><h4><span style=\"font-weight: 400;\">2.2 Founding masters<\/span><\/h4>\n<p>Al-Jazar\u00ee al-Saqqa (1185-1256) was an Arab calligrapher born in Cordoba. He is known for his role in the development of the <em>Maghribi<\/em> style and for his calligraphic compositions. He was also an expert in the art of composing the inks and colors used in Arabic writing. He perfected his own ink blends, experimenting with the use of various pigments to obtain specific shades.<\/p>\n<p>Al-Sharaf\u00ee (circa 1266-1323) was an eminent Maghrebian calligrapher of the Marinid period. He is renowned for his significant contributions to the Maghribi Andalusian school. His calligraphic style is renowned for its refinement and complex decorative elements.  <\/p>\n<p><span style=\"font-weight: 400;\">Muhammad as-Souf\u00ee (13<sup>th<\/sup> century) lived in the Valencia region of Spain. He bequeathed to posterity a manuscript of the Qur\u2019an, calligraphed and enriched with beautiful illuminations, dated 1285, whose distinctive feature is that the titles of certain suras differ from those used in the standard version of the Qur\u2019an.<\/span><\/p>\n<\/div><\/div><\/div><\/div><div class=\"wpb_column vc_column_container\"><div class=\"vc_column-inner\"><\/div><\/div><\/div><\/div><\/section><section class=\"l-section wpb_row height_custom\"><div class=\"l-section-h i-cf\"><div class=\"g-cols vc_row via_grid cols_1 laptops-cols_inherit tablets-cols_inherit mobiles-cols_1 valign_top type_default stacking_default\"><div class=\"wpb_column vc_column_container\"><div class=\"vc_column-inner\"><div class=\"w-image align_center\"><div class=\"w-image-h\"><img loading=\"lazy\" decoding=\"async\" width=\"1024\" height=\"786\" src=\"https:\/\/calligraphie.adlania.net\/wp-content\/uploads\/2023\/11\/Man-123-1024x786.jpg\" class=\"attachment-large size-large\" alt=\"\" srcset=\"https:\/\/calligraphie.adlania.net\/wp-content\/uploads\/2023\/11\/Man-123-1024x786.jpg 1024w, https:\/\/calligraphie.adlania.net\/wp-content\/uploads\/2023\/11\/Man-123-300x230.jpg 300w, https:\/\/calligraphie.adlania.net\/wp-content\/uploads\/2023\/11\/Man-123-800x614.jpg 800w, https:\/\/calligraphie.adlania.net\/wp-content\/uploads\/2023\/11\/Man-123-150x115.jpg 150w, https:\/\/calligraphie.adlania.net\/wp-content\/uploads\/2023\/11\/Man-123.jpg 1375w\" sizes=\"auto, (max-width: 1024px) 100vw, 1024px\" \/><\/div><\/div><div class=\"wpb_text_column us_custom_e2acedf8\"><div class=\"wpb_wrapper\"><p style=\"text-align: center;\"><strong>Manuscript of the Qur\u2019an<\/strong><br \/>Suras CIX to CXIV with colophon<br \/>1558<br \/>Copyist: Abd All\u00e2h al-S\u016bf\u012b<br \/>Style: Maghrib\u00ee<br \/>Paper, 22,5 x 18 cm<br \/>ADLANIA Foundation, Manuscripts, MAN-123<\/p>\n<\/div><\/div><\/div><\/div><\/div><\/div><\/section>\n","protected":false},"excerpt":{"rendered":"","protected":false},"author":1,"featured_media":0,"parent":0,"menu_order":0,"comment_status":"closed","ping_status":"closed","template":"","meta":{"footnotes":""},"class_list":["post-1568","page","type-page","status-publish","hentry"],"_links":{"self":[{"href":"https:\/\/calligraphie.adlania.net\/en\/wp-json\/wp\/v2\/pages\/1568","targetHints":{"allow":["GET"]}}],"collection":[{"href":"https:\/\/calligraphie.adlania.net\/en\/wp-json\/wp\/v2\/pages"}],"about":[{"href":"https:\/\/calligraphie.adlania.net\/en\/wp-json\/wp\/v2\/types\/page"}],"author":[{"embeddable":true,"href":"https:\/\/calligraphie.adlania.net\/en\/wp-json\/wp\/v2\/users\/1"}],"replies":[{"embeddable":true,"href":"https:\/\/calligraphie.adlania.net\/en\/wp-json\/wp\/v2\/comments?post=1568"}],"version-history":[{"count":0,"href":"https:\/\/calligraphie.adlania.net\/en\/wp-json\/wp\/v2\/pages\/1568\/revisions"}],"wp:attachment":[{"href":"https:\/\/calligraphie.adlania.net\/en\/wp-json\/wp\/v2\/media?parent=1568"}],"curies":[{"name":"wp","href":"https:\/\/api.w.org\/{rel}","templated":true}]}}