{"id":1578,"date":"2023-11-16T21:29:31","date_gmt":"2023-11-16T20:29:31","guid":{"rendered":"https:\/\/calligraphie.adlania.net\/abbasid-period-750-1258\/"},"modified":"2023-11-16T21:29:31","modified_gmt":"2023-11-16T20:29:31","slug":"abbasid-period-750-1258","status":"publish","type":"page","link":"https:\/\/calligraphie.adlania.net\/en\/abbasid-period-750-1258\/","title":{"rendered":"Abbasid period (750-1258)"},"content":{"rendered":"<section class=\"l-section wpb_row height_custom color_primary with_img\"><div class=\"l-section-img\" role=\"img\" data-img-width=\"2198\" data-img-height=\"1543\" style=\"background-image: url(https:\/\/calligraphie.adlania.net\/wp-content\/uploads\/2023\/11\/Fondation_Adlania_ICO_460_0686-fond.jpg);background-repeat: no-repeat;\"><\/div><div class=\"l-section-h i-cf\"><div class=\"g-cols vc_row via_grid cols_1 laptops-cols_inherit tablets-cols_inherit mobiles-cols_1 valign_top type_default stacking_default\"><div class=\"wpb_column vc_column_container\"><div class=\"vc_column-inner\"><div class=\"w-text us_custom_2865271d icon_atleft\"><span class=\"w-text-h\"><i class=\"fas fa-code\"><\/i><span class=\"w-text-value\">Chapter 5<\/span><\/span><\/div><div class=\"wpb_text_column us_custom_703b2333\"><div class=\"wpb_wrapper\"><h2><span style=\"font-weight: 400;\">Abbasid period (750-1258)<\/span><\/h2>\n<\/div><\/div><\/div><\/div><div class=\"wpb_column vc_column_container\"><div class=\"vc_column-inner\"><div class=\"wpb_text_column us_custom_a91f0dc9\"><div class=\"wpb_wrapper\"><p><span style=\"font-weight: 400;\">The period of the Abbasid dynasty, considered the golden age of calligraphy, saw increased diversification and sophistication. It was marked by a breakthrough in the 10<sup>th<\/sup> century with the emergence of cursive scripts characterized by smaller, rounder letters, often grouped together, under the name of naskh\u00ee.<\/span><\/p>\n<\/div><\/div><\/div><\/div><\/div><\/div><\/section><section class=\"l-section wpb_row height_custom\"><div class=\"l-section-h i-cf\"><div class=\"g-cols vc_row via_grid cols_1 laptops-cols_inherit tablets-cols_inherit mobiles-cols_1 valign_top type_default stacking_default\"><div class=\"wpb_column vc_column_container\"><div class=\"vc_column-inner\"><div class=\"wpb_text_column\"><div class=\"wpb_wrapper\"><p>These new cursive scripts, for practical reasons, took precedence over the <em>k\u00fbf\u00ee<\/em>. This radical transformation was essentially due to three great calligraphers: Ibn Muqla (886-940), ibn Baww\u00e2b (d. 1022) of the Baghdad School and al-Musta&#8217;sim\u00ee (1203-1298) who, two centuries later, perfected the theorization and practice of the art of cursive writing which is used to this day.<\/p>\n<p>Although the original aim of calligraphy was to improve writing techniques to make them clearer and more beautiful, it increasingly came to embrace the pre-eminence of plastic form.<\/p>\n<p>During the Abbasid period, the Fatimid caliphate dynasty (909-1171), also known as the Obeydid, extended its reign over the Maghreb, Sicily and parts of the Middle East. This Shi&#8217;ite Ismaili dynasty (10<sup>th<\/sup> to 12<sup>th<\/sup> centuries) was distinguished by the great finesse and sophistication of its calligraphy. Various styles, such as <em>k\u00fbf\u00ee<\/em>, <em>thuluth<\/em>, <em>naskhi<\/em> and <em>muhaqqaq<\/em>, were used to create harmonious compositions. Using feather quills, they were able to trace delicate, flowing strokes, mastering the art of composition and balancing letters to produce aesthetically pleasing works. They were also the founders of al-Azhar University in Cairo, in 970 CE.<\/p>\n<\/div><\/div><\/div><\/div><\/div><\/div><\/section><section class=\"l-section wpb_row height_custom\" id=\"overview\"><div class=\"l-section-h i-cf\"><div class=\"g-cols vc_row via_grid cols_2-1 laptops-cols_inherit tablets-cols_inherit mobiles-cols_1 valign_top type_default stacking_default\"><div class=\"wpb_column vc_column_container\"><div class=\"vc_column-inner\"><div class=\"wpb_text_column\"><div class=\"wpb_wrapper\"><h2><span style=\"font-weight: 400;\">1. The Baghdad School<\/span><\/h2>\n<p><span style=\"font-weight: 400;\">The Baghdad School owes its name and reputation to the successive contributions of three eminent master calligraphers. The political, economic and intellectual environment in which they worked was conducive to the blossoming and cross-fertilization of ideas from a variety of disciplines. These masters encouraged and promoted the development of the arts. Following in the footsteps of their predecessors, their research brought improvements and innovations, in a continuity and without pause, each in a specific field. The innovations of Ibn Muqla (886-940) &#8212; while resolutely original &#8212; in no way contradict the example set by his predecessors. The same is true of the innovations of his successors. This school is an excellent example of the exchange and transmission of knowledge.<\/span><\/p>\n<p>Numerous disciples of these three founding masters, including a number of women, bequeathed a rich artistic heritage which has been preserved to this day. Shaykhah Shudah (1091-1178), known as Fakhr-un-Nisa (the pride of women), daughter of the renowned scholar Abu Nasr Ahmad Ibn&#8217; Umar Al-Abri (d.1112), who was also her teacher, excelled in many sciences and was particularly renowned in the art of calligraphy.<\/p>\n<\/div><\/div><\/div><\/div><div class=\"wpb_column vc_column_container\"><div class=\"vc_column-inner\"><div class=\"w-image align_none\"><div class=\"w-image-h\"><img loading=\"lazy\" decoding=\"async\" width=\"384\" height=\"764\" src=\"https:\/\/calligraphie.adlania.net\/wp-content\/uploads\/2023\/11\/OBJ-1667.png\" class=\"attachment-large size-large\" alt=\"\" srcset=\"https:\/\/calligraphie.adlania.net\/wp-content\/uploads\/2023\/11\/OBJ-1667.png 384w, https:\/\/calligraphie.adlania.net\/wp-content\/uploads\/2023\/11\/OBJ-1667-151x300.png 151w, https:\/\/calligraphie.adlania.net\/wp-content\/uploads\/2023\/11\/OBJ-1667-75x150.png 75w\" sizes=\"auto, (max-width: 384px) 100vw, 384px\" \/><\/div><\/div><div class=\"wpb_text_column us_custom_584e1d76\"><div class=\"wpb_wrapper\"><p><strong>Gold coin<\/strong><br \/>Abbasid period<br \/>Caliph Ab\u00fb Jaffar Mans\u00fbr<br \/>Baghdad, 754-775<br \/>ADLANIA Foundation, Objects, OBJ-1667<\/p>\n<\/div><\/div><\/div><\/div><\/div><\/div><\/section><section class=\"l-section wpb_row height_custom\" id=\"why-us\"><div class=\"l-section-h i-cf\"><div class=\"g-cols vc_row via_grid cols_1 laptops-cols_inherit tablets-cols_inherit mobiles-cols_1 valign_top type_default stacking_default\"><div class=\"wpb_column vc_column_container\"><div class=\"vc_column-inner\"><div class=\"w-image align_center\"><div class=\"w-image-h\"><img loading=\"lazy\" decoding=\"async\" width=\"1024\" height=\"340\" src=\"https:\/\/calligraphie.adlania.net\/wp-content\/uploads\/2023\/11\/Man-613-1024x340.jpg\" class=\"attachment-large size-large\" alt=\"\" srcset=\"https:\/\/calligraphie.adlania.net\/wp-content\/uploads\/2023\/11\/Man-613-1024x340.jpg 1024w, https:\/\/calligraphie.adlania.net\/wp-content\/uploads\/2023\/11\/Man-613-300x100.jpg 300w, https:\/\/calligraphie.adlania.net\/wp-content\/uploads\/2023\/11\/Man-613-800x266.jpg 800w, https:\/\/calligraphie.adlania.net\/wp-content\/uploads\/2023\/11\/Man-613-600x199.jpg 600w, https:\/\/calligraphie.adlania.net\/wp-content\/uploads\/2023\/11\/Man-613-150x50.jpg 150w, https:\/\/calligraphie.adlania.net\/wp-content\/uploads\/2023\/11\/Man-613.jpg 1859w\" sizes=\"auto, (max-width: 1024px) 100vw, 1024px\" \/><\/div><\/div><div class=\"wpb_text_column us_custom_584e1d76\"><div class=\"wpb_wrapper\"><p><strong>Handwritten scroll<\/strong><br \/>Sura CVIII<br \/>Style: K\u00fbf\u00ee<br \/>Parchment, 133 x 43 cm<br \/>ADLANIA Foundation, Manuscripts, MAN-613<\/p>\n<\/div><\/div><\/div><\/div><\/div><\/div><\/section><section class=\"l-section wpb_row height_custom\"><div class=\"l-section-h i-cf\"><div class=\"g-cols vc_row via_grid cols_2-1 laptops-cols_inherit tablets-cols_inherit mobiles-cols_1 valign_top type_default stacking_default\"><div class=\"wpb_column vc_column_container\"><div class=\"vc_column-inner\"><div class=\"wpb_text_column\"><div class=\"wpb_wrapper\"><h2><span style=\"font-weight: 400;\">2. Founding masters <\/span><\/h2>\n<h4><span style=\"font-weight: 400;\">2.1 Ab\u00fb &#8216;Ali Muhammad Ibn Muqla (886-940)<\/span><\/h4>\n<p>A poet and writer who served as vizier, he applied the laws of geometry to codify letters and fix their proportions. This system of rules is based on the form of the letter <em>alif<\/em>, around which a circle is constructed. The <em>alif<\/em>, whose measure is the diameter of this circle, becomes the standard letter. Each letter is then developed from this circle. In this way, the curvature of the cursive script triumphs over the angular rigor of <em>k\u00fbf\u00ee<\/em>. He accomplished a kind of revolution, eliminating the use of the <em>k\u00fbf\u00ee<\/em> script and replacing it with the <em>naskh\u00ee<\/em>. Ibn Muqla left an Epistle on writing and the calamus (<em>Risalat al-khatt wa-l-qalam<\/em>), a copy of which is preserved in Cairo. It discusses techniques and codes, as well as the calamus and its cutting, and ink and its preparation. Abdellah ibn Zandji (10<sup>th<\/sup> century) refers to him as a &#8220;prophet in the art of calligraphy&#8221;, adding that his gift is comparable to the inspiration of bees, who construct the cells of the honeycomb.<\/p>\n<h4><span style=\"font-weight: 400;\">2.2<\/span> Ab\u00fb al Hassan Al\u00e2-eddine Ali ibn Hil\u00e2l, known as Ibn Baww\u00e2b (961 &#8211; 1022)<\/h4>\n<p>Also known as Ibn Sitr\u00ee, he was an intimate of the vizier Fakhr al-mulk Ab\u00fb Ghal\u00eeb Muhammed b. Khal\u00e2f (965-1016).  A decorator by trade and a great scholar, he turned to calligraphy and illumination. After bringing together the various forms of writing of ibn Muqla, he refined them by improving the processes until he found his own style. He introduced the measuring-point, obtained by the oblique line (al-khatt) left by the reed on the paper, from which each letter is measured. He perfected and embellished various scripts, especially the <em>naskhi<\/em> and <em>muhaqqaq<\/em> styles.<\/p>\n<p>As Curator of the &#8220;Buwayhide Bah\u00e2&#8217; al-dawla&#8221; library in Shir\u00e2z, he was responsible for making copies of many of the books known at the time and sixty-four manuscripts of the Qur\u2019an, one of which was donated to the library of the L\u00e2l\u00e9li mosque in Istanbul by Sultan Salim I<sup>st<\/sup> (1470-1520). His copy of the &#8220;Diwan&#8221; by Salama ibn Jandal (d. 639) is in the library of the Aya Sofya (Hagia Sophia) mosque, also in Istanbul. To date, only one copy of the Qur\u2019an has survived from this calligrapher, currently in the Chester Beatty Library (Dublin).<\/p>\n<p>A famous woman from this period also stands out. An expert in the style of Ibn Al-Bawwab, Fatimah Bint al-Aqra&#8217; (d. 1087), is renowned for her teaching of the art of calligraphy. Her work inspired many artists who came to learn from her. She practiced her art in the service of the first Seljuk sultan Tughrul Beg (995-1063) and his vizier, al-Kundari (1024-1064). She was invited by the Abbasid caliph al-Muqtad\u00ee (1056-1094) to draft the truce agreement between the Abbasids and the Byzantines.    <\/p>\n<h4><span style=\"font-weight: 400;\">2.3 Jamal Eddine Y\u00e2q\u00fbt Al-Musta&#8217;sim\u00ee (1203-1298)<\/span><\/h4>\n<p>Jamal Eddine Y\u00e2q\u00fbt Al-Musta&#8217;sim\u00ee was the slave of the thirty-seventh and last Abbasid Caliph of Baghdad, Al-Musta&#8217;sim Bill\u00e2h (1212-1258). From the very start he was a technical innovator, working on the straight-cut <em>calam<\/em> (<em>jazm<\/em>), then on the oblique-cut <em>calam<\/em> (<em>muharraf<\/em>). His reputation soon grew, and he became the \u201cmodel for calligraphers\u201d (<em>Qiblatu-l-Kutt\u00e2b<\/em>). He is credited with the ultimate refinement of the art of writing and its final theorization, as well as with the finest manuscripts of the Qur\u2019an preserved to this day. Some claim that he copied the Qur\u2019an a thousand and one times. The Paris National Library owns a copy which is preserved in the Shefer collection (Arabic manuscripts, no. 6082).<\/p>\n<\/div><\/div><\/div><\/div><div class=\"wpb_column vc_column_container\"><div class=\"vc_column-inner\"><div class=\"w-image align_none\"><div class=\"w-image-h\"><img loading=\"lazy\" decoding=\"async\" width=\"1024\" height=\"672\" src=\"https:\/\/calligraphie.adlania.net\/wp-content\/uploads\/2023\/11\/Man-603-1024x672.jpg\" class=\"attachment-large size-large\" alt=\"\" srcset=\"https:\/\/calligraphie.adlania.net\/wp-content\/uploads\/2023\/11\/Man-603-1024x672.jpg 1024w, https:\/\/calligraphie.adlania.net\/wp-content\/uploads\/2023\/11\/Man-603-300x197.jpg 300w, https:\/\/calligraphie.adlania.net\/wp-content\/uploads\/2023\/11\/Man-603-800x525.jpg 800w, https:\/\/calligraphie.adlania.net\/wp-content\/uploads\/2023\/11\/Man-603-600x394.jpg 600w, https:\/\/calligraphie.adlania.net\/wp-content\/uploads\/2023\/11\/Man-603-150x98.jpg 150w, https:\/\/calligraphie.adlania.net\/wp-content\/uploads\/2023\/11\/Man-603.jpg 1553w\" sizes=\"auto, (max-width: 1024px) 100vw, 1024px\" \/><\/div><\/div><div class=\"wpb_text_column us_custom_e2acedf8\"><div class=\"wpb_wrapper\"><p><strong>Pages from a Qur\u2019an<\/strong><br \/>Sura XLVIII, 11<br \/>Style: Muhaqqaq<br \/>Paper<br \/>ADLANIA Foundation, Manuscripts, MAN-603<\/p>\n<\/div><\/div><div class=\"w-separator size_medium\"><\/div><div class=\"w-image align_center\"><div class=\"w-image-h\"><img loading=\"lazy\" decoding=\"async\" width=\"1006\" height=\"1024\" src=\"https:\/\/calligraphie.adlania.net\/wp-content\/uploads\/2023\/11\/OBJ-377-1006x1024.png\" class=\"attachment-large size-large\" alt=\"\" srcset=\"https:\/\/calligraphie.adlania.net\/wp-content\/uploads\/2023\/11\/OBJ-377-1006x1024.png 1006w, https:\/\/calligraphie.adlania.net\/wp-content\/uploads\/2023\/11\/OBJ-377-295x300.png 295w, https:\/\/calligraphie.adlania.net\/wp-content\/uploads\/2023\/11\/OBJ-377-786x800.png 786w, https:\/\/calligraphie.adlania.net\/wp-content\/uploads\/2023\/11\/OBJ-377-147x150.png 147w, https:\/\/calligraphie.adlania.net\/wp-content\/uploads\/2023\/11\/OBJ-377.png 1107w\" sizes=\"auto, (max-width: 1006px) 100vw, 1006px\" \/><\/div><\/div><div class=\"wpb_text_column us_custom_e2acedf8\"><div class=\"wpb_wrapper\"><p><strong>Terracotta seals with different motifs from the Fatimid period<\/strong><br \/>10th century &#8211; Egypt<br \/>Diameter: 7 cm<br \/>ADLANIA Foundation, Objects, OBJ-377<\/p>\n<\/div><\/div><\/div><\/div><\/div><\/div><\/section><section class=\"l-section wpb_row height_custom\"><div class=\"l-section-h i-cf\"><div class=\"g-cols vc_row via_grid cols_1 laptops-cols_inherit tablets-cols_inherit mobiles-cols_1 valign_top type_default stacking_default\"><div class=\"wpb_column vc_column_container\"><div class=\"vc_column-inner\"><div class=\"w-image align_center\"><div class=\"w-image-h\"><img loading=\"lazy\" decoding=\"async\" width=\"1024\" height=\"806\" src=\"https:\/\/calligraphie.adlania.net\/wp-content\/uploads\/2023\/11\/Man-132-1024x806.jpg\" class=\"attachment-large size-large\" alt=\"\" srcset=\"https:\/\/calligraphie.adlania.net\/wp-content\/uploads\/2023\/11\/Man-132-1024x806.jpg 1024w, https:\/\/calligraphie.adlania.net\/wp-content\/uploads\/2023\/11\/Man-132-300x236.jpg 300w, https:\/\/calligraphie.adlania.net\/wp-content\/uploads\/2023\/11\/Man-132-800x630.jpg 800w, https:\/\/calligraphie.adlania.net\/wp-content\/uploads\/2023\/11\/Man-132-150x118.jpg 150w, https:\/\/calligraphie.adlania.net\/wp-content\/uploads\/2023\/11\/Man-132.jpg 1468w\" sizes=\"auto, (max-width: 1024px) 100vw, 1024px\" \/><\/div><\/div><div class=\"wpb_text_column us_custom_e2acedf8\"><div class=\"wpb_wrapper\"><p style=\"text-align: center;\"><strong>Manuscript of a Qur\u2019an<\/strong><br \/>Sura I and Sura II, 1-4<br \/>1771<br \/>Copyist : Muhammad Husayn b. N\u00e2sir Ali <br \/>Style: Thuluth<br \/>Paper, 33 x 22 cm<br \/>ADLANIA Foundation, Manuscripts, MAN-132<\/p>\n<\/div><\/div><\/div><\/div><\/div><\/div><\/section><section class=\"l-section wpb_row height_custom\"><div class=\"l-section-h i-cf\"><div class=\"g-cols vc_row via_grid cols_2-1 laptops-cols_inherit tablets-cols_inherit mobiles-cols_1 valign_top type_default stacking_default\"><div class=\"wpb_column vc_column_container\"><div class=\"vc_column-inner\"><div class=\"wpb_text_column\"><div class=\"wpb_wrapper\"><h2><span style=\"font-weight: 400;\">3. Calligraphic styles<br \/><\/span><span style=\"font-weight: 400;\"><em>Naskh\u00ee<\/em> (10<sup>th<\/sup> century)<\/span><\/h2>\n<p>Etymologically, <em>nashk\u00ee<\/em> derives from the verb &#8220;<em>nasakha<\/em>&#8220;, meaning &#8220;to copy&#8221;. Codified in the 10<sup>th<\/sup> century, this style was developed by the great calligrapher Ibn Muqla (886-940). It is characterized by its readability, balance and speed of execution. This script, known as &#8220;cursive&#8221;, features a supple, rounded form. Each letter of the alphabet has its own well-defined aesthetic canons. It rapidly became the most widespread script throughout the Arab-Muslim world.<\/p>\n<p>In the 10<sup>th<\/sup> century, paper replaced parchment, enabling the production of more and more books. Other calligraphic styles developed to the detriment of <em>k\u00fbf\u00ee<\/em>, previously considered the reference for Qur&#8217;anic writing. <em>Nashki<\/em> spread with the Fatimids around the 12<sup>th<\/sup> century and, more particularly, under the Mamluks of Egypt and Syria (1250 to 1517).<\/p>\n<\/div><\/div><\/div><\/div><div class=\"wpb_column vc_column_container\"><div class=\"vc_column-inner\"><div class=\"w-image align_none\"><div class=\"w-image-h\"><img loading=\"lazy\" decoding=\"async\" width=\"1024\" height=\"1021\" src=\"https:\/\/calligraphie.adlania.net\/wp-content\/uploads\/2023\/11\/OBJ-3107-1024x1021.jpg\" class=\"attachment-large size-large\" alt=\"\" srcset=\"https:\/\/calligraphie.adlania.net\/wp-content\/uploads\/2023\/11\/OBJ-3107-1024x1021.jpg 1024w, https:\/\/calligraphie.adlania.net\/wp-content\/uploads\/2023\/11\/OBJ-3107-300x300.jpg 300w, https:\/\/calligraphie.adlania.net\/wp-content\/uploads\/2023\/11\/OBJ-3107-150x150.jpg 150w, https:\/\/calligraphie.adlania.net\/wp-content\/uploads\/2023\/11\/OBJ-3107-800x798.jpg 800w, https:\/\/calligraphie.adlania.net\/wp-content\/uploads\/2023\/11\/OBJ-3107.jpg 1328w\" sizes=\"auto, (max-width: 1024px) 100vw, 1024px\" \/><\/div><\/div><div class=\"wpb_text_column us_custom_e2acedf8\"><div class=\"wpb_wrapper\"><p><strong>Glazed terracotta tile<\/strong><br \/>Seljuk period<br \/>22 x 23,3 cm<br \/>ADLANIA Foundation, Objects, OBJ-3107<\/p>\n<\/div><\/div><\/div><\/div><\/div><\/div><\/section><section class=\"l-section wpb_row height_custom\"><div class=\"l-section-h i-cf\"><div class=\"g-cols vc_row via_grid cols_1 laptops-cols_inherit tablets-cols_inherit mobiles-cols_1 valign_top type_default stacking_default\"><div class=\"wpb_column vc_column_container\"><div class=\"vc_column-inner\"><div class=\"w-image align_center\"><div class=\"w-image-h\"><img loading=\"lazy\" decoding=\"async\" width=\"1024\" height=\"701\" src=\"https:\/\/calligraphie.adlania.net\/wp-content\/uploads\/2023\/11\/OBJ-469-ecriture-1024x701.jpg\" class=\"attachment-large size-large\" alt=\"\" srcset=\"https:\/\/calligraphie.adlania.net\/wp-content\/uploads\/2023\/11\/OBJ-469-ecriture-1024x701.jpg 1024w, https:\/\/calligraphie.adlania.net\/wp-content\/uploads\/2023\/11\/OBJ-469-ecriture-300x205.jpg 300w, https:\/\/calligraphie.adlania.net\/wp-content\/uploads\/2023\/11\/OBJ-469-ecriture-800x548.jpg 800w, https:\/\/calligraphie.adlania.net\/wp-content\/uploads\/2023\/11\/OBJ-469-ecriture-150x103.jpg 150w\" sizes=\"auto, (max-width: 1024px) 100vw, 1024px\" \/><\/div><\/div><div class=\"wpb_text_column us_custom_e2acedf8\"><div class=\"wpb_wrapper\"><p style=\"text-align: center;\"><strong>Brass pencil box (Qalamdan) inlaid with silver<\/strong><br \/>Style: Thuluth<br \/>6 kg, 50 x 13 cm<br \/>ADLANIA Foundation, Objects, OBJ-469<\/p>\n<\/div><\/div><\/div><\/div><\/div><\/div><\/section>\n","protected":false},"excerpt":{"rendered":"","protected":false},"author":1,"featured_media":0,"parent":0,"menu_order":0,"comment_status":"closed","ping_status":"closed","template":"","meta":{"footnotes":""},"class_list":["post-1578","page","type-page","status-publish","hentry"],"_links":{"self":[{"href":"https:\/\/calligraphie.adlania.net\/en\/wp-json\/wp\/v2\/pages\/1578","targetHints":{"allow":["GET"]}}],"collection":[{"href":"https:\/\/calligraphie.adlania.net\/en\/wp-json\/wp\/v2\/pages"}],"about":[{"href":"https:\/\/calligraphie.adlania.net\/en\/wp-json\/wp\/v2\/types\/page"}],"author":[{"embeddable":true,"href":"https:\/\/calligraphie.adlania.net\/en\/wp-json\/wp\/v2\/users\/1"}],"replies":[{"embeddable":true,"href":"https:\/\/calligraphie.adlania.net\/en\/wp-json\/wp\/v2\/comments?post=1578"}],"version-history":[{"count":0,"href":"https:\/\/calligraphie.adlania.net\/en\/wp-json\/wp\/v2\/pages\/1578\/revisions"}],"wp:attachment":[{"href":"https:\/\/calligraphie.adlania.net\/en\/wp-json\/wp\/v2\/media?parent=1578"}],"curies":[{"name":"wp","href":"https:\/\/api.w.org\/{rel}","templated":true}]}}