{"id":1595,"date":"2023-11-16T22:34:10","date_gmt":"2023-11-16T21:34:10","guid":{"rendered":"https:\/\/calligraphie.adlania.net\/mamluk-period\/"},"modified":"2023-11-16T22:34:10","modified_gmt":"2023-11-16T21:34:10","slug":"mamluk-period","status":"publish","type":"page","link":"https:\/\/calligraphie.adlania.net\/en\/mamluk-period\/","title":{"rendered":"Mamluk period"},"content":{"rendered":"<section class=\"l-section wpb_row height_custom color_primary with_img\"><div class=\"l-section-img\" role=\"img\" data-img-width=\"2198\" data-img-height=\"1543\" style=\"background-image: url(https:\/\/calligraphie.adlania.net\/wp-content\/uploads\/2023\/11\/Fondation_Adlania_ICO_460_0686-fond.jpg);background-repeat: no-repeat;\"><\/div><div class=\"l-section-h i-cf\"><div class=\"g-cols vc_row via_grid cols_1 laptops-cols_inherit tablets-cols_inherit mobiles-cols_1 valign_top type_default stacking_default\"><div class=\"wpb_column vc_column_container\"><div class=\"vc_column-inner\"><div class=\"w-text us_custom_2865271d icon_atleft\"><span class=\"w-text-h\"><i class=\"fas fa-code\"><\/i><span class=\"w-text-value\">Chapter 7<\/span><\/span><\/div><div class=\"wpb_text_column us_custom_703b2333\"><div class=\"wpb_wrapper\"><h2>Mamluk period in Egypt (1250 &#8211; 1517)<\/h2>\n<\/div><\/div><\/div><\/div><div class=\"wpb_column vc_column_container\"><div class=\"vc_column-inner\"><div class=\"wpb_text_column us_custom_a91f0dc9\"><div class=\"wpb_wrapper\"><p>The Mamluk sultans were fervent patrons of calligraphers, including Muhammad ibn Ahmad al-Zaft\u00e2w\u00ee (1349-1403) and Zayn al-d\u00een Abd al-Rahm\u00e2n b. Y\u00fbsuf known as Ibn S\u00e2&#8217;igh (1367-1441). During the reign of this empire, one of the greatest known Mamluk Qur\u2019ans was calligraphed in just under sixty days, demonstrating the virtuosity of the artists of the period.  <\/p>\n<\/div><\/div><\/div><\/div><\/div><\/div><\/section><section class=\"l-section wpb_row height_custom\"><div class=\"l-section-h i-cf\"><div class=\"g-cols vc_row via_grid cols_1 laptops-cols_inherit tablets-cols_inherit mobiles-cols_1 valign_top type_default stacking_default\"><div class=\"wpb_column vc_column_container\"><div class=\"vc_column-inner\"><div class=\"wpb_text_column\"><div class=\"wpb_wrapper\"><p>The Mamluk school reached its apogee from 1230 onwards, distinguished by its use of angular forms, thick lines and elaborate geometric decorations. Calligraphers of the period developed and perfected different styles of writing, adapting them to their aesthetic preferences and the needs of Mamluk patrons.<\/p>\n<\/div><\/div><\/div><\/div><\/div><\/div><\/section><section class=\"l-section wpb_row height_custom\" id=\"overview\"><div class=\"l-section-h i-cf\"><div class=\"g-cols vc_row via_grid cols_2-1 laptops-cols_inherit tablets-cols_inherit mobiles-cols_1 valign_top type_default stacking_default\"><div class=\"wpb_column vc_column_container\"><div class=\"vc_column-inner\"><div class=\"wpb_text_column\"><div class=\"wpb_wrapper\"><h2>1. Calligraphic styles<\/h2>\n<h4>1.1 <em>Thuluth<\/em> (9<sup>th<\/sup> century)<\/h4>\n<p><em>Thuluth<\/em>, literally meaning &#8220;a third&#8221;, is the most complex style of Arabic calligraphy. It first appeared in the 9<sup>th<\/sup> century and reached its peak of development in the 13<sup>th<\/sup> and 14<sup>th<\/sup> centuries. Considered a benchmark for assessing the beauty of other styles, it was mainly used by the Mamluks (14<sup>th<\/sup> and 15<sup>th<\/sup> centuries).<\/p>\n<p><em>Thuluth<\/em> is characterized by rounded shapes and a smooth, rhythmic movement, ideal for page headings. The letters are written in two-thirds or one-third scale in relation to the original letter. It is frequently found in mosques and caravanserais, as well as on tombstones, <em>madrasa<\/em> inscriptions and ornamental plaques.<\/p>\n<p>It was particularly encouraged by the Mamluk Sultan Rukn-Ad-Dine Baybars 1<sup>st<\/sup> (1260 &#8211; 1277) for decoration on glass, various metals, ivory, textiles, wood engraving and stone carving.<\/p>\n<h4>1.2 <em>Muhaqqaq<\/em> (10<sup>th<\/sup> century)<\/h4>\n<p><em>Muhaqqaq<\/em> is one of the main calligraphic styles of Arabic script. The term <em>muhaqqaq<\/em> means &#8220;ornate&#8221; or &#8220;embellished&#8221;, reflecting the aesthetic characteristics of this style. It emerged in Iraq and Egypt in the 10<sup>th<\/sup> century. This majestic style is widely used for copying the Qur\u2019an and other religious texts. It reached its apogee during the Mamluk period in Egypt and Syria (13<sup>th<\/sup>-15<sup>th<\/sup> centuries).<\/p>\n<p><em>Muhaqqaq<\/em> is characterized by great meticulousness, and for decades was considered the benchmark for religious transcription. It is distinguished by its elegant, curved lines and the use of large white spaces between letters and words. Particular attention is paid to letter proportions and regular spacing, creating visual harmony and aesthetic balance.<\/p>\n<h4>1.3 <em>Ghub\u00e2r\u00ee<\/em> (9<sup>th<\/sup> century)<\/h4>\n<p><em>Ghub\u00e2r\u00ee<\/em> script, also known as &#8220;dust&#8221; script, was originally designed for ultra-confidential missions and the transmission of postal messages by carrier pigeon. Its reduced format later gave rise to miniature Qur\u2019ans, no more than five centimetres high. It is characterized by its small size and is often associated with the <em>naskh\u00ee<\/em> and <em>ruq&#8217;\u00e2<\/em> styles.<\/p>\n<p>Historically, <em>Ghub\u00e2r\u00ee<\/em> script was used to copy short Qur\u2019anic verses renowned for their protective power, such as the Throne verse of Sura al-<em>Baq\u00e2ra<\/em> (II, 255). It is mainly found on octagonal miniature Qur\u2019an manuscripts, scrolls and talismanic writings.<\/p>\n<h4>1.4 Zoomorphic style<\/h4>\n<p>Zoomorphism, or the use of animals in Arabic calligraphy, has a long history throughout the various cultures of Islamic civilization. Calligraphers developed techniques to give Arabic letters animal shapes such as birds, fish, lions and horses. Over the centuries, this practice evolved to reflect the artistic and cultural influences of different geographical areas. Arabic calligraphy, deeply rooted in Islamic culture, has thus incorporated various artistic and stylistic elements over time.   <\/p>\n<\/div><\/div><\/div><\/div><div class=\"wpb_column vc_column_container\"><div class=\"vc_column-inner\"><div class=\"w-image align_none\"><div class=\"w-image-h\"><img loading=\"lazy\" decoding=\"async\" width=\"683\" height=\"1024\" src=\"https:\/\/calligraphie.adlania.net\/wp-content\/uploads\/2023\/11\/Fondation_Adlania_MAN_449_0352-683x1024.jpg\" class=\"attachment-large size-large\" alt=\"\" srcset=\"https:\/\/calligraphie.adlania.net\/wp-content\/uploads\/2023\/11\/Fondation_Adlania_MAN_449_0352-683x1024.jpg 683w, https:\/\/calligraphie.adlania.net\/wp-content\/uploads\/2023\/11\/Fondation_Adlania_MAN_449_0352-200x300.jpg 200w, https:\/\/calligraphie.adlania.net\/wp-content\/uploads\/2023\/11\/Fondation_Adlania_MAN_449_0352-533x800.jpg 533w, https:\/\/calligraphie.adlania.net\/wp-content\/uploads\/2023\/11\/Fondation_Adlania_MAN_449_0352-100x150.jpg 100w, https:\/\/calligraphie.adlania.net\/wp-content\/uploads\/2023\/11\/Fondation_Adlania_MAN_449_0352.jpg 1158w\" sizes=\"auto, (max-width: 683px) 100vw, 683px\" \/><\/div><\/div><div class=\"wpb_text_column us_custom_b35d1fa9\"><div class=\"wpb_wrapper\"><p><strong>Calligraphy of the name of Allah and the name of the Prophet Muhammad<\/strong><br \/>1890<br \/>Copyist: Ali Redha<br \/>Style: Thuluth<br \/>Paper, 37,5 x 73,8 cm<br \/>ADLANIA Foundation, Manuscripts, MAN-449<\/p>\n<\/div><\/div><div class=\"w-separator size_small\"><\/div><div class=\"w-image align_none\"><div class=\"w-image-h\"><img loading=\"lazy\" decoding=\"async\" width=\"395\" height=\"1024\" src=\"https:\/\/calligraphie.adlania.net\/wp-content\/uploads\/2023\/11\/2022-11-15_MAN_436_401-395x1024.jpg\" class=\"attachment-large size-large\" alt=\"\" srcset=\"https:\/\/calligraphie.adlania.net\/wp-content\/uploads\/2023\/11\/2022-11-15_MAN_436_401-395x1024.jpg 395w, https:\/\/calligraphie.adlania.net\/wp-content\/uploads\/2023\/11\/2022-11-15_MAN_436_401-116x300.jpg 116w, https:\/\/calligraphie.adlania.net\/wp-content\/uploads\/2023\/11\/2022-11-15_MAN_436_401-58x150.jpg 58w, https:\/\/calligraphie.adlania.net\/wp-content\/uploads\/2023\/11\/2022-11-15_MAN_436_401-scaled.jpg 987w\" sizes=\"auto, (max-width: 395px) 100vw, 395px\" \/><\/div><\/div><div class=\"wpb_text_column us_custom_584e1d76\"><div class=\"wpb_wrapper\"><p><strong>Calligraphies of Allah, Muhammad, Ali, Fatima, Hassan and Hossein<\/strong><br \/>Copyist: Khattat al-T\u00e2f<br \/>Style: Ghub\u00e2r\u00ee<br \/>Paper, 29,2 x 78,5 cm<br \/>ADLANIA Foundation, Manuscripts, MAN-448<\/p>\n<\/div><\/div><\/div><\/div><\/div><\/div><\/section><section class=\"l-section wpb_row height_custom\" id=\"why-us\"><div class=\"l-section-h i-cf\"><div class=\"g-cols vc_row via_grid cols_1 laptops-cols_inherit tablets-cols_inherit mobiles-cols_1 valign_top type_default stacking_default\"><div class=\"wpb_column vc_column_container\"><div class=\"vc_column-inner\"><div class=\"w-image align_center\"><div class=\"w-image-h\"><img loading=\"lazy\" decoding=\"async\" width=\"1024\" height=\"975\" src=\"https:\/\/calligraphie.adlania.net\/wp-content\/uploads\/2023\/11\/Man-633-1024x975.jpg\" class=\"attachment-large size-large\" alt=\"\" srcset=\"https:\/\/calligraphie.adlania.net\/wp-content\/uploads\/2023\/11\/Man-633-1024x975.jpg 1024w, https:\/\/calligraphie.adlania.net\/wp-content\/uploads\/2023\/11\/Man-633-300x286.jpg 300w, https:\/\/calligraphie.adlania.net\/wp-content\/uploads\/2023\/11\/Man-633-800x762.jpg 800w, https:\/\/calligraphie.adlania.net\/wp-content\/uploads\/2023\/11\/Man-633-150x143.jpg 150w, https:\/\/calligraphie.adlania.net\/wp-content\/uploads\/2023\/11\/Man-633.jpg 1900w\" sizes=\"auto, (max-width: 1024px) 100vw, 1024px\" \/><\/div><\/div><div class=\"wpb_text_column us_custom_584e1d76\"><div class=\"wpb_wrapper\"><p><strong>Qur&#8217;an on decagonal leaf<\/strong><br \/>Style: Ghub\u00e2r\u00ee<br \/>ADLANIA Foundation, Manuscripts, MAN-633<\/p>\n<\/div><\/div><\/div><\/div><\/div><\/div><\/section><section class=\"l-section wpb_row height_custom\"><div class=\"l-section-h i-cf\"><div class=\"g-cols vc_row via_grid cols_2-1 laptops-cols_inherit tablets-cols_inherit mobiles-cols_1 valign_top type_default stacking_default\"><div class=\"wpb_column vc_column_container\"><div class=\"vc_column-inner\"><div class=\"wpb_text_column\"><div class=\"wpb_wrapper\"><h4>2.1 Zayn al-d\u00een Abd al-Rahm\u00e2n b. Y\u00fbsuf (1367-1442) <\/h4>\n<p>Known as Ibn S\u00e2&#8217;igh, Zayn al-d\u00een Abd al-Rahm\u00e2n b. Y\u00fbsuf was a scribe (<em>k\u00e2tib<\/em>) for the Circassian Mamluk sultan Far\u00e2j b. Barq\u00fbq (1386-1411).   Among his notable achievements are several Qur\u2019ans, one of which stands out for its imposing size, measuring one meter by fifty centimeters. He is also credited with the creation of Qur\u2019anic inscriptions, including the text of Sura <em>al-Fath<\/em> (Koran: XLVIII), which was carefully engraved inside the Prophet&#8217;s mosque in Medina. However, his most remarkable contribution is the introduction of <em>ij\u00e2za<\/em> into the domain of calligraphy.<\/p>\n<\/div><\/div><\/div><\/div><div class=\"wpb_column vc_column_container\"><div class=\"vc_column-inner\"><div class=\"w-image align_none\"><div class=\"w-image-h\"><img loading=\"lazy\" decoding=\"async\" width=\"773\" height=\"1024\" src=\"https:\/\/calligraphie.adlania.net\/wp-content\/uploads\/2023\/11\/Fondation_Adlania_OBJET-3124_6758-773x1024.jpg\" class=\"attachment-large size-large\" alt=\"\" srcset=\"https:\/\/calligraphie.adlania.net\/wp-content\/uploads\/2023\/11\/Fondation_Adlania_OBJET-3124_6758-773x1024.jpg 773w, https:\/\/calligraphie.adlania.net\/wp-content\/uploads\/2023\/11\/Fondation_Adlania_OBJET-3124_6758-227x300.jpg 227w, https:\/\/calligraphie.adlania.net\/wp-content\/uploads\/2023\/11\/Fondation_Adlania_OBJET-3124_6758-604x800.jpg 604w, https:\/\/calligraphie.adlania.net\/wp-content\/uploads\/2023\/11\/Fondation_Adlania_OBJET-3124_6758-113x150.jpg 113w, https:\/\/calligraphie.adlania.net\/wp-content\/uploads\/2023\/11\/Fondation_Adlania_OBJET-3124_6758.jpg 1113w\" sizes=\"auto, (max-width: 773px) 100vw, 773px\" \/><\/div><\/div><div class=\"wpb_text_column us_custom_584e1d76\"><div class=\"wpb_wrapper\"><p><strong>Islamic vase made of glass with calligraphic inscriptions<\/strong><br \/>\nStyle: Thuluth<br \/>\n19<sup>th<\/sup> century<br \/>\nADLANIA Foundation, Objects, OBJ-3124<\/p>\n<\/div><\/div><\/div><\/div><\/div><\/div><\/section><section class=\"l-section wpb_row height_custom\"><div class=\"l-section-h i-cf\"><div class=\"g-cols vc_row via_grid cols_1-2 laptops-cols_inherit tablets-cols_inherit mobiles-cols_1 valign_top type_default stacking_default\"><div class=\"wpb_column vc_column_container\"><div class=\"vc_column-inner\"><div class=\"w-image align_center\"><div class=\"w-image-h\"><img loading=\"lazy\" decoding=\"async\" width=\"683\" height=\"1024\" src=\"https:\/\/calligraphie.adlania.net\/wp-content\/uploads\/2023\/11\/Fondation_Adlania_MAN_519897-683x1024.jpg\" class=\"attachment-large size-large\" alt=\"\" srcset=\"https:\/\/calligraphie.adlania.net\/wp-content\/uploads\/2023\/11\/Fondation_Adlania_MAN_519897-683x1024.jpg 683w, https:\/\/calligraphie.adlania.net\/wp-content\/uploads\/2023\/11\/Fondation_Adlania_MAN_519897-200x300.jpg 200w, https:\/\/calligraphie.adlania.net\/wp-content\/uploads\/2023\/11\/Fondation_Adlania_MAN_519897-533x800.jpg 533w, https:\/\/calligraphie.adlania.net\/wp-content\/uploads\/2023\/11\/Fondation_Adlania_MAN_519897-100x150.jpg 100w, https:\/\/calligraphie.adlania.net\/wp-content\/uploads\/2023\/11\/Fondation_Adlania_MAN_519897.jpg 896w\" sizes=\"auto, (max-width: 683px) 100vw, 683px\" \/><\/div><\/div><div class=\"wpb_text_column us_custom_e2acedf8\"><div class=\"wpb_wrapper\"><p><strong>Zoomorphic calligraphy (bird)<\/strong><br \/>Paper, 19 x 10,5 cm<br \/>ADLANIA Foundation, Manuscripts, MAN-519<\/p>\n<\/div><\/div><\/div><\/div><div class=\"wpb_column vc_column_container\"><div class=\"vc_column-inner\"><div class=\"w-image align_center\"><div class=\"w-image-h\"><img loading=\"lazy\" decoding=\"async\" width=\"1024\" height=\"683\" src=\"https:\/\/calligraphie.adlania.net\/wp-content\/uploads\/2023\/11\/Fondation_Adlania_OBJ_3129_6954-1024x683.jpg\" class=\"attachment-large size-large\" alt=\"\" srcset=\"https:\/\/calligraphie.adlania.net\/wp-content\/uploads\/2023\/11\/Fondation_Adlania_OBJ_3129_6954-1024x683.jpg 1024w, https:\/\/calligraphie.adlania.net\/wp-content\/uploads\/2023\/11\/Fondation_Adlania_OBJ_3129_6954-300x200.jpg 300w, https:\/\/calligraphie.adlania.net\/wp-content\/uploads\/2023\/11\/Fondation_Adlania_OBJ_3129_6954-800x533.jpg 800w, https:\/\/calligraphie.adlania.net\/wp-content\/uploads\/2023\/11\/Fondation_Adlania_OBJ_3129_6954-600x400.jpg 600w, https:\/\/calligraphie.adlania.net\/wp-content\/uploads\/2023\/11\/Fondation_Adlania_OBJ_3129_6954-150x100.jpg 150w, https:\/\/calligraphie.adlania.net\/wp-content\/uploads\/2023\/11\/Fondation_Adlania_OBJ_3129_6954.jpg 1296w\" sizes=\"auto, (max-width: 1024px) 100vw, 1024px\" \/><\/div><\/div><div class=\"wpb_text_column us_custom_e2acedf8\"><div class=\"wpb_wrapper\"><p><strong>Engraved wooden bowl (Chifa&#8217;)<\/strong><br \/>Sura CVIII<br \/>ADLANIA Foundation, Objects, OBJ-3129<\/p>\n<\/div><\/div><\/div><\/div><\/div><\/div><\/section><section class=\"l-section wpb_row height_custom\"><div class=\"l-section-h i-cf\"><div class=\"g-cols vc_row via_grid cols_2-1 laptops-cols_inherit tablets-cols_inherit mobiles-cols_1 valign_top type_default stacking_default\"><div class=\"wpb_column vc_column_container\"><div class=\"vc_column-inner\"><div class=\"w-image align_none\"><div class=\"w-image-h\"><img loading=\"lazy\" decoding=\"async\" width=\"951\" height=\"1024\" src=\"https:\/\/calligraphie.adlania.net\/wp-content\/uploads\/2023\/11\/Fondation_Adlania_OBJET-3100_5529-951x1024.jpg\" class=\"attachment-large size-large\" alt=\"\" srcset=\"https:\/\/calligraphie.adlania.net\/wp-content\/uploads\/2023\/11\/Fondation_Adlania_OBJET-3100_5529-951x1024.jpg 951w, https:\/\/calligraphie.adlania.net\/wp-content\/uploads\/2023\/11\/Fondation_Adlania_OBJET-3100_5529-279x300.jpg 279w, https:\/\/calligraphie.adlania.net\/wp-content\/uploads\/2023\/11\/Fondation_Adlania_OBJET-3100_5529-743x800.jpg 743w, https:\/\/calligraphie.adlania.net\/wp-content\/uploads\/2023\/11\/Fondation_Adlania_OBJET-3100_5529-139x150.jpg 139w, https:\/\/calligraphie.adlania.net\/wp-content\/uploads\/2023\/11\/Fondation_Adlania_OBJET-3100_5529.jpg 1169w\" sizes=\"auto, (max-width: 951px) 100vw, 951px\" \/><\/div><\/div><div class=\"wpb_text_column us_custom_e2acedf8\"><div class=\"wpb_wrapper\"><p><strong>Bone plaque with central medallion<\/strong><br \/><strong>surrounded by divine names<\/strong><br \/>Style: Thuluth<br \/>ADLANIA Foundation, Objects, OBJ-3100<\/p>\n<\/div><\/div><\/div><\/div><div class=\"wpb_column vc_column_container\"><div class=\"vc_column-inner\"><div class=\"w-image align_none\"><div class=\"w-image-h\"><img loading=\"lazy\" decoding=\"async\" width=\"790\" height=\"1024\" src=\"https:\/\/calligraphie.adlania.net\/wp-content\/uploads\/2023\/11\/Fondation_Adlania_OBJET-3106_5633-790x1024.jpg\" class=\"attachment-large size-large\" alt=\"\" srcset=\"https:\/\/calligraphie.adlania.net\/wp-content\/uploads\/2023\/11\/Fondation_Adlania_OBJET-3106_5633-790x1024.jpg 790w, https:\/\/calligraphie.adlania.net\/wp-content\/uploads\/2023\/11\/Fondation_Adlania_OBJET-3106_5633-231x300.jpg 231w, https:\/\/calligraphie.adlania.net\/wp-content\/uploads\/2023\/11\/Fondation_Adlania_OBJET-3106_5633-617x800.jpg 617w, https:\/\/calligraphie.adlania.net\/wp-content\/uploads\/2023\/11\/Fondation_Adlania_OBJET-3106_5633-116x150.jpg 116w, https:\/\/calligraphie.adlania.net\/wp-content\/uploads\/2023\/11\/Fondation_Adlania_OBJET-3106_5633.jpg 864w\" sizes=\"auto, (max-width: 790px) 100vw, 790px\" \/><\/div><\/div><div class=\"wpb_text_column us_custom_e2acedf8\"><div class=\"wpb_wrapper\"><p><strong>Hexagonal box made of bone<\/strong><br \/>Floral and geometric decoration with central calligraphy of Sura CVIII<br \/>Style: Thuluth<br \/>ADLANIA Foundation, Objects, OBJ-3106<\/p>\n<\/div><\/div><\/div><\/div><\/div><\/div><\/section><section class=\"l-section wpb_row height_custom\"><div class=\"l-section-h i-cf\"><div class=\"g-cols vc_row via_grid cols_1 laptops-cols_inherit tablets-cols_inherit mobiles-cols_1 valign_top type_default stacking_default\"><div class=\"wpb_column vc_column_container\"><div class=\"vc_column-inner\"><div class=\"w-image align_center\"><div class=\"w-image-h\"><img loading=\"lazy\" decoding=\"async\" width=\"1024\" height=\"827\" src=\"https:\/\/calligraphie.adlania.net\/wp-content\/uploads\/2023\/11\/Fondation_Adlania_OBJ_34_3654-1024x827.jpg\" class=\"attachment-large size-large\" alt=\"\" srcset=\"https:\/\/calligraphie.adlania.net\/wp-content\/uploads\/2023\/11\/Fondation_Adlania_OBJ_34_3654-1024x827.jpg 1024w, https:\/\/calligraphie.adlania.net\/wp-content\/uploads\/2023\/11\/Fondation_Adlania_OBJ_34_3654-300x242.jpg 300w, https:\/\/calligraphie.adlania.net\/wp-content\/uploads\/2023\/11\/Fondation_Adlania_OBJ_34_3654-800x646.jpg 800w, https:\/\/calligraphie.adlania.net\/wp-content\/uploads\/2023\/11\/Fondation_Adlania_OBJ_34_3654-150x121.jpg 150w, https:\/\/calligraphie.adlania.net\/wp-content\/uploads\/2023\/11\/Fondation_Adlania_OBJ_34_3654.jpg 1883w\" sizes=\"auto, (max-width: 1024px) 100vw, 1024px\" \/><\/div><\/div><div class=\"wpb_text_column us_custom_e2acedf8\"><div class=\"wpb_wrapper\"><p><strong>Qur&#8217;an copied on palm leaf support<\/strong><br \/>Written with a graver (minq\u00e2ch)<br \/>Sura XIX ; 40 verses from Sura XX<br \/>Style: Naskh\u00ee<br \/>Java &#8211; Indonesia<br \/>ADLANIA Foundation, Objects, OBJ-34<\/p>\n<\/div><\/div><\/div><\/div><\/div><\/div><\/section>\n","protected":false},"excerpt":{"rendered":"","protected":false},"author":1,"featured_media":0,"parent":0,"menu_order":0,"comment_status":"closed","ping_status":"closed","template":"","meta":{"footnotes":""},"class_list":["post-1595","page","type-page","status-publish","hentry"],"_links":{"self":[{"href":"https:\/\/calligraphie.adlania.net\/en\/wp-json\/wp\/v2\/pages\/1595","targetHints":{"allow":["GET"]}}],"collection":[{"href":"https:\/\/calligraphie.adlania.net\/en\/wp-json\/wp\/v2\/pages"}],"about":[{"href":"https:\/\/calligraphie.adlania.net\/en\/wp-json\/wp\/v2\/types\/page"}],"author":[{"embeddable":true,"href":"https:\/\/calligraphie.adlania.net\/en\/wp-json\/wp\/v2\/users\/1"}],"replies":[{"embeddable":true,"href":"https:\/\/calligraphie.adlania.net\/en\/wp-json\/wp\/v2\/comments?post=1595"}],"version-history":[{"count":0,"href":"https:\/\/calligraphie.adlania.net\/en\/wp-json\/wp\/v2\/pages\/1595\/revisions"}],"wp:attachment":[{"href":"https:\/\/calligraphie.adlania.net\/en\/wp-json\/wp\/v2\/media?parent=1595"}],"curies":[{"name":"wp","href":"https:\/\/api.w.org\/{rel}","templated":true}]}}