{"id":1605,"date":"2023-11-17T14:33:05","date_gmt":"2023-11-17T13:33:05","guid":{"rendered":"https:\/\/calligraphie.adlania.net\/ottoman-period-1299-1923\/"},"modified":"2023-11-17T14:33:05","modified_gmt":"2023-11-17T13:33:05","slug":"ottoman-period-1299-1923","status":"publish","type":"page","link":"https:\/\/calligraphie.adlania.net\/en\/ottoman-period-1299-1923\/","title":{"rendered":"Ottoman period (1299-1923)"},"content":{"rendered":"<section class=\"l-section wpb_row height_custom color_primary with_img\"><div class=\"l-section-img\" role=\"img\" data-img-width=\"2198\" data-img-height=\"1543\" style=\"background-image: url(https:\/\/calligraphie.adlania.net\/wp-content\/uploads\/2023\/11\/Fondation_Adlania_ICO_460_0686-fond.jpg);background-repeat: no-repeat;\"><\/div><div class=\"l-section-h i-cf\"><div class=\"g-cols vc_row via_grid cols_1 laptops-cols_inherit tablets-cols_inherit mobiles-cols_1 valign_top type_default stacking_default\"><div class=\"wpb_column vc_column_container\"><div class=\"vc_column-inner\"><div class=\"w-text us_custom_2865271d icon_atleft\"><span class=\"w-text-h\"><i class=\"fas fa-code\"><\/i><span class=\"w-text-value\">Chapter 8<\/span><\/span><\/div><div class=\"wpb_text_column us_custom_703b2333\"><div class=\"wpb_wrapper\"><h2>Ottoman period (1299-1923)<\/h2>\n<\/div><\/div><\/div><\/div><div class=\"wpb_column vc_column_container\"><div class=\"vc_column-inner\"><div class=\"wpb_text_column us_custom_a91f0dc9\"><div class=\"wpb_wrapper\"><p>Predecessors of the Ottoman Empire, the Seljuks (11<sup>th<\/sup>-13<sup>th<\/sup> centuries) left their artistic and cultural mark on Turkey, Iran and Iraq. Calligraphy of this period preserved classical Arabic styles while developing new forms, including the <em>Seljuk-Thuluth<\/em> style. Used for monumental inscriptions, it is characterized by its graceful curves and the harmony between thick and thin strokes.<\/p>\n<\/div><\/div><\/div><\/div><\/div><\/div><\/section><section class=\"l-section wpb_row height_custom\"><div class=\"l-section-h i-cf\"><div class=\"g-cols vc_row via_grid cols_1 laptops-cols_inherit tablets-cols_inherit mobiles-cols_1 valign_top type_default stacking_default\"><div class=\"wpb_column vc_column_container\"><div class=\"vc_column-inner\"><div class=\"wpb_text_column\"><div class=\"wpb_wrapper\"><p>The Seljuks fostered cultural exchange, fusing Persian, Arabic and Turkish calligraphic traditions, and using precious materials to lend a sumptuous lustre to their works.<\/p>\n<p>The Ottoman school flourished throughout the long period of the Ottoman Empire from the 15<sup>th<\/sup> to the 20<sup>th<\/sup> century. It was influenced by earlier styles such as <em>thuluth<\/em>, <em>naskh\u00ee<\/em> and <em>t\u00e2&#8217;l\u00eeq<\/em>, while developing its own distinctive features.<\/p>\n<p>In the Ottoman Empire, calligraphy was widely encouraged and supported by the sultans and the artistic elite. The Ottoman sultans&#8217; courtly patronage produced thousands of Qur\u2019ans and illuminated manuscripts. Istanbul became a center for calligraphic expression, this activity taking over both civil and religious buildings. It reached its apogee during the reign of Sultan Abdelmadjid I (1823-1861), who established the first Academy of Calligraphy to promote the art.<\/p>\n<\/div><\/div><\/div><\/div><\/div><\/div><\/section><section class=\"l-section wpb_row height_custom\" id=\"overview\"><div class=\"l-section-h i-cf\"><div class=\"g-cols vc_row via_grid cols_2-1 laptops-cols_inherit tablets-cols_inherit mobiles-cols_1 valign_top type_default stacking_default\"><div class=\"wpb_column vc_column_container\"><div class=\"vc_column-inner\"><div class=\"wpb_text_column\"><div class=\"wpb_wrapper\"><h2>1. Calligraphic styles<\/h2>\n<h4>1.1 <em>Ruq&#8217;\u00e2<\/em> (15<sup>th<\/sup> century)<\/h4>\n<p>The <em>ruq&#8217;\u00e2<\/em> (or &#8220;small leaf&#8221;) script acquired a popularity that is still undisputed today. This is a typically Ottoman script, which spread with Turkish domination from the 15<sup>th<\/sup> century. The letters of <em>ruq&#8217;\u00e2<\/em> are short and closely-assembled, set apart from the straight lines in a slightly dotted horizontal pattern, and are written out linked together.<\/p>\n<p>It&#8217;s a sober, stocky style, used in everyday writing or common missives, hence its name. It is characterized by integrity and beauty, ease of writing and reading, and simplicity.<\/p>\n<h4>1.2 <em>Diw\u00e2n\u00ee<\/em> (15<sup>th<\/sup> century)<\/h4>\n<p><em>Diw\u00e2n\u00ee<\/em> is one of the most elegant and artistic styles of Arabic calligraphy. Its name derives from the Persian word <em>diw\u00e2n<\/em>, meaning administration and, by extension, &#8220;imperial council&#8221;. It also refers to a collection of poetry in the Sufi tradition. It appeared in the 15<sup>th<\/sup> century during the Ottoman period and was codified at the same time by Ibrahim Mun\u00eef (15<sup>th<\/sup> century). The guiding principle behind its creation was to prevent any alteration of the text, thus differentiating it from religious or scientific writing. It is par excellence, the art of chancery and officialdom.<\/p>\n<p>The <em>diw\u00e2n\u00ee<\/em> style is distinguished by the large loops that accumulate beneath the lines, and by its slightly accentuated stems, giving it an air of grandeur and majesty. Highly structured and totally cursive in nature, it is devoid of dots and vowel signs, thus offering its calligrapher another mode of expression, \u201c<em>diw\u00e2ni-jali<\/em>\u201d, for purely decorative purposes.<\/p>\n<h4>1.3 <em>Tughra<\/em>: the signature<\/h4>\n<p><em>Tughra<\/em> is a Turkish word for the calligraphic monogram of the Ottoman sultans. It is a work in itself in certain styles of writing. Its composition contains information including the name of the sovereign. It can also be used as a talisman, with calligraphy of Qur\u2019anic verses and formulas. It reached its classic form under Suleiman the Magnificent (1494-1566) and became a calligraphic exercise in its own right in the Ottoman Empire.<\/p>\n<h4>1.5 <em>Hilya<\/em><\/h4>\n<p>While Sunni tradition forbade any physical representation of the Prophet Muhammad, believers were free to imagine him mentally, based on the description given by Imam Ali Ibn Ab\u00ee T\u00e2leb, his nephew and son-in-law. It gave rise to the <em>hilya<\/em>, a calligraphic ornament expressing their love and respect for the Prophet. Throughout history, this practice gained in popularity, particularly in the Ottoman Empire and the Maghreb. Calligraphers created different versions, mixing Qur\u2019anic verses, poems and symbols, making the hilya a precious artistic expression of veneration for the Prophet.<\/p>\n<\/div><\/div><\/div><\/div><div class=\"wpb_column vc_column_container\"><div class=\"vc_column-inner\"><div class=\"w-image align_none\"><a ref=\"magnificPopup\" href=\"https:\/\/calligraphie.adlania.net\/wp-content\/uploads\/2023\/11\/2022-11-15-Numerisation-Bar0068-1.jpg\" aria-label=\"2022-11-15-Num\u00e9risation-Bar0068-1\" class=\"w-image-h\"><img loading=\"lazy\" decoding=\"async\" width=\"683\" height=\"1024\" src=\"https:\/\/calligraphie.adlania.net\/wp-content\/uploads\/2023\/11\/2022-11-15-Numerisation-Bar0068-1-683x1024.jpg\" class=\"attachment-large size-large\" alt=\"\" srcset=\"https:\/\/calligraphie.adlania.net\/wp-content\/uploads\/2023\/11\/2022-11-15-Numerisation-Bar0068-1-683x1024.jpg 683w, https:\/\/calligraphie.adlania.net\/wp-content\/uploads\/2023\/11\/2022-11-15-Numerisation-Bar0068-1-200x300.jpg 200w, https:\/\/calligraphie.adlania.net\/wp-content\/uploads\/2023\/11\/2022-11-15-Numerisation-Bar0068-1-534x800.jpg 534w, https:\/\/calligraphie.adlania.net\/wp-content\/uploads\/2023\/11\/2022-11-15-Numerisation-Bar0068-1-100x150.jpg 100w, https:\/\/calligraphie.adlania.net\/wp-content\/uploads\/2023\/11\/2022-11-15-Numerisation-Bar0068-1.jpg 869w\" sizes=\"auto, (max-width: 683px) 100vw, 683px\" \/><\/a><\/div><div class=\"wpb_text_column us_custom_584e1d76\"><div class=\"wpb_wrapper\"><p><strong>Calligraphy of the divine attributes and names of the Prophet<\/strong><br \/>1890<br \/>Copyist: Zubayr<br \/>Styles: Thuluth and Tughra<br \/>Paper, 83,8 x 61 cm<br \/>ADLANIA Foundation, Manuscripts, MAN-457<\/p>\n<\/div><\/div><div class=\"w-image align_none\"><a ref=\"magnificPopup\" href=\"https:\/\/calligraphie.adlania.net\/wp-content\/uploads\/2023\/11\/Man-417.jpg\" aria-label=\"Man-417\" class=\"w-image-h\"><img loading=\"lazy\" decoding=\"async\" width=\"876\" height=\"2143\" src=\"https:\/\/calligraphie.adlania.net\/wp-content\/uploads\/2023\/11\/Man-417.jpg\" class=\"attachment-full size-full\" alt=\"\" srcset=\"https:\/\/calligraphie.adlania.net\/wp-content\/uploads\/2023\/11\/Man-417.jpg 876w, https:\/\/calligraphie.adlania.net\/wp-content\/uploads\/2023\/11\/Man-417-123x300.jpg 123w, https:\/\/calligraphie.adlania.net\/wp-content\/uploads\/2023\/11\/Man-417-419x1024.jpg 419w, https:\/\/calligraphie.adlania.net\/wp-content\/uploads\/2023\/11\/Man-417-327x800.jpg 327w, https:\/\/calligraphie.adlania.net\/wp-content\/uploads\/2023\/11\/Man-417-61x150.jpg 61w\" sizes=\"auto, (max-width: 876px) 100vw, 876px\" \/><\/a><\/div><div class=\"wpb_text_column us_custom_b35d1fa9\"><div class=\"wpb_wrapper\"><p><strong>Ottoman Firman (Sovereign Decree) with illuminated signature<\/strong><br \/>Style: Diw\u00e2n\u00ee and Tughra<br \/>Paper, 75,5 x 25,5 cm<br \/>ADLANIA Foundation, Manuscripts, MAN-417<\/p>\n<\/div><\/div><\/div><\/div><\/div><\/div><\/section><section class=\"l-section wpb_row height_custom\" id=\"why-us\"><div class=\"l-section-h i-cf\"><div class=\"g-cols vc_row via_grid cols_1-2 laptops-cols_inherit tablets-cols_inherit mobiles-cols_1 valign_top type_default stacking_default\"><div class=\"wpb_column vc_column_container\"><div class=\"vc_column-inner\"><div class=\"w-image align_none\"><a ref=\"magnificPopup\" href=\"https:\/\/calligraphie.adlania.net\/wp-content\/uploads\/2023\/11\/tableau0804-scaled.jpg\" aria-label=\"tableau0804\" class=\"w-image-h\"><img loading=\"lazy\" decoding=\"async\" width=\"733\" height=\"1024\" src=\"https:\/\/calligraphie.adlania.net\/wp-content\/uploads\/2023\/11\/tableau0804-733x1024.jpg\" class=\"attachment-large size-large\" alt=\"\" srcset=\"https:\/\/calligraphie.adlania.net\/wp-content\/uploads\/2023\/11\/tableau0804-733x1024.jpg 733w, https:\/\/calligraphie.adlania.net\/wp-content\/uploads\/2023\/11\/tableau0804-215x300.jpg 215w, https:\/\/calligraphie.adlania.net\/wp-content\/uploads\/2023\/11\/tableau0804-573x800.jpg 573w, https:\/\/calligraphie.adlania.net\/wp-content\/uploads\/2023\/11\/tableau0804-107x150.jpg 107w, https:\/\/calligraphie.adlania.net\/wp-content\/uploads\/2023\/11\/tableau0804-scaled.jpg 1834w\" sizes=\"auto, (max-width: 733px) 100vw, 733px\" \/><\/a><\/div><div class=\"wpb_text_column us_custom_b35d1fa9\"><div class=\"wpb_wrapper\"><p><strong>Hilya of the Prophet<\/strong><br \/>Description of the Prophet Muhammad<br \/>ADLANIA Foundation, Objects, OBJ-1091<\/p>\n<\/div><\/div><\/div><\/div><div class=\"wpb_column vc_column_container\"><div class=\"vc_column-inner\"><div class=\"w-image align_none\"><a ref=\"magnificPopup\" href=\"https:\/\/calligraphie.adlania.net\/wp-content\/uploads\/2023\/11\/Sitara-scaled.jpg\" aria-label=\"Sitara\" class=\"w-image-h\"><img loading=\"lazy\" decoding=\"async\" width=\"683\" height=\"1024\" src=\"https:\/\/calligraphie.adlania.net\/wp-content\/uploads\/2023\/11\/Sitara-683x1024.jpg\" class=\"attachment-large size-large\" alt=\"\" srcset=\"https:\/\/calligraphie.adlania.net\/wp-content\/uploads\/2023\/11\/Sitara-683x1024.jpg 683w, https:\/\/calligraphie.adlania.net\/wp-content\/uploads\/2023\/11\/Sitara-200x300.jpg 200w, https:\/\/calligraphie.adlania.net\/wp-content\/uploads\/2023\/11\/Sitara-533x800.jpg 533w, https:\/\/calligraphie.adlania.net\/wp-content\/uploads\/2023\/11\/Sitara-100x150.jpg 100w, https:\/\/calligraphie.adlania.net\/wp-content\/uploads\/2023\/11\/Sitara-scaled.jpg 1707w\" sizes=\"auto, (max-width: 683px) 100vw, 683px\" \/><\/a><\/div><div class=\"wpb_text_column us_custom_584e1d76\"><div class=\"wpb_wrapper\"><p><strong>Tapestry covering the Prophet&#8217;s tomb (Sit\u00e2ra)<\/strong><br \/>Cairo, Egypt during the reign of Sultan Mahm\u00fbd II (1808-1839)<br \/>2300 x 1430 cm<br \/>ADLANIA Foundation, Objects, OBJ-1099<\/p>\n<\/div><\/div><\/div><\/div><\/div><\/div><\/section><section class=\"l-section wpb_row height_custom\"><div class=\"l-section-h i-cf\"><div class=\"g-cols vc_row via_grid cols_2-1 laptops-cols_inherit tablets-cols_inherit mobiles-cols_1 valign_top type_default stacking_default\"><div class=\"wpb_column vc_column_container\"><div class=\"vc_column-inner\"><div class=\"wpb_text_column\"><div class=\"wpb_wrapper\"><h2>2. Founding masters<\/h2>\n<h4>2.1 Sheikh Hamdullah Cheleb\u00ee (1436-1520)<\/h4>\n<p>He was an eminent calligrapher and one of the founders of the Ottoman school. A native of Amasya, Turkey, he studied with renowned calligraphy masters of his time, enabling him to master various calligraphic styles such as <em>thuluth<\/em>, <em>naskh\u00ee<\/em> and <em>t\u00e2&#8217;l\u00eeq<\/em>.<\/p>\n<p>Admired by many calligraphers, Sheikh Hamdullah was a source of influence and respect for them. As tutor to Sultan Bayezid II (1447-1512), he was appointed head of the Dervish <em>darga<\/em> (Sufi sanctuary, equivalent to a zaou\u00efa in the Maghreb). This proximity to his sovereign enabled him not only to perfect his style, but also to find ways of passing on the teachings of the famous calligrapher Y\u00e2q\u00fbt al Musta&#8217;sim\u00ee (1203-1298).<\/p>\n<h4>2.2 Fatima al-&#8216;\u00c2n\u00ee (16<sup>th<\/sup> century)<\/h4>\n<p>Nicknamed &#8220;the female copyist&#8221;, Fatima al-&#8216;\u00c2n\u00ee remains a mysterious figure in calligraphy. Although little information is available about her, it is assumed that she followed the teachings of Sheikh Hamdullah (1436-1520). Her calligraphy is elegant and her taste unquestionable. As a poetess, she also composed graceful verses.   <\/p>\n<p>Following in the footsteps of her illustrious predecessors in the art of calligraphy, Fatima al-&#8216;\u00c2n\u00ee devoted herself to the contemplation of writing, constantly searching for the next book to bring to life. She is one of those women artists who handled calligraphy with grace. <\/p>\n<\/div><\/div><\/div><\/div><div class=\"wpb_column vc_column_container\"><div class=\"vc_column-inner\"><div class=\"w-image align_none\"><div class=\"w-image-h\"><img loading=\"lazy\" decoding=\"async\" width=\"452\" height=\"1024\" src=\"https:\/\/calligraphie.adlania.net\/wp-content\/uploads\/2023\/11\/Fondation_Adlania_OBJET-3063_6082-452x1024.jpg\" class=\"attachment-large size-large\" alt=\"\" srcset=\"https:\/\/calligraphie.adlania.net\/wp-content\/uploads\/2023\/11\/Fondation_Adlania_OBJET-3063_6082-452x1024.jpg 452w, https:\/\/calligraphie.adlania.net\/wp-content\/uploads\/2023\/11\/Fondation_Adlania_OBJET-3063_6082-132x300.jpg 132w, https:\/\/calligraphie.adlania.net\/wp-content\/uploads\/2023\/11\/Fondation_Adlania_OBJET-3063_6082-353x800.jpg 353w, https:\/\/calligraphie.adlania.net\/wp-content\/uploads\/2023\/11\/Fondation_Adlania_OBJET-3063_6082-66x150.jpg 66w, https:\/\/calligraphie.adlania.net\/wp-content\/uploads\/2023\/11\/Fondation_Adlania_OBJET-3063_6082.jpg 678w\" sizes=\"auto, (max-width: 452px) 100vw, 452px\" \/><\/div><\/div><div class=\"wpb_text_column us_custom_e2acedf8\"><div class=\"wpb_wrapper\"><p><strong>Rose water sprinkler<\/strong><br \/>23 x 9 cm<br \/>ADLANIA Foundation, Objects, OBJ-3063<\/p>\n<\/div><\/div><\/div><\/div><\/div><\/div><\/section><section class=\"l-section wpb_row height_custom\"><div class=\"l-section-h i-cf\"><div class=\"g-cols vc_row via_grid cols_1-2 laptops-cols_inherit tablets-cols_inherit mobiles-cols_1 valign_top type_default stacking_default\"><div class=\"wpb_column vc_column_container\"><div class=\"vc_column-inner\"><div class=\"w-image align_center\"><a ref=\"magnificPopup\" href=\"https:\/\/calligraphie.adlania.net\/wp-content\/uploads\/2023\/11\/Fondation_Adlania_OBJ_3336_3879.jpg\" aria-label=\"Fondation_Adlania_OBJ_3336_3879\" class=\"w-image-h\"><img loading=\"lazy\" decoding=\"async\" width=\"800\" height=\"600\" src=\"https:\/\/calligraphie.adlania.net\/wp-content\/uploads\/2023\/11\/Fondation_Adlania_OBJ_3336_3879.jpg\" class=\"attachment-large size-large\" alt=\"\" srcset=\"https:\/\/calligraphie.adlania.net\/wp-content\/uploads\/2023\/11\/Fondation_Adlania_OBJ_3336_3879.jpg 800w, https:\/\/calligraphie.adlania.net\/wp-content\/uploads\/2023\/11\/Fondation_Adlania_OBJ_3336_3879-300x225.jpg 300w, https:\/\/calligraphie.adlania.net\/wp-content\/uploads\/2023\/11\/Fondation_Adlania_OBJ_3336_3879-150x113.jpg 150w\" sizes=\"auto, (max-width: 800px) 100vw, 800px\" \/><\/a><\/div><div class=\"wpb_text_column us_custom_e2acedf8\"><div class=\"wpb_wrapper\"><p><strong>Talismanic amulet<\/strong><br \/>Ottoman period<br \/>Brass<br \/>ADLANIA Foundation, Objects, OBJ-3336<\/p>\n<\/div><\/div><div class=\"w-separator size_medium\"><\/div><div class=\"w-image align_center\"><a ref=\"magnificPopup\" href=\"https:\/\/calligraphie.adlania.net\/wp-content\/uploads\/2023\/11\/Fondation_Adlania_OBJET-3095_5616.jpg\" aria-label=\"Fondation_Adlania_OBJET-3095_5616\" class=\"w-image-h\"><img loading=\"lazy\" decoding=\"async\" width=\"1024\" height=\"683\" src=\"https:\/\/calligraphie.adlania.net\/wp-content\/uploads\/2023\/11\/Fondation_Adlania_OBJET-3095_5616-1024x683.jpg\" class=\"attachment-large size-large\" alt=\"\" srcset=\"https:\/\/calligraphie.adlania.net\/wp-content\/uploads\/2023\/11\/Fondation_Adlania_OBJET-3095_5616-1024x683.jpg 1024w, https:\/\/calligraphie.adlania.net\/wp-content\/uploads\/2023\/11\/Fondation_Adlania_OBJET-3095_5616-300x200.jpg 300w, https:\/\/calligraphie.adlania.net\/wp-content\/uploads\/2023\/11\/Fondation_Adlania_OBJET-3095_5616-800x533.jpg 800w, https:\/\/calligraphie.adlania.net\/wp-content\/uploads\/2023\/11\/Fondation_Adlania_OBJET-3095_5616-600x400.jpg 600w, https:\/\/calligraphie.adlania.net\/wp-content\/uploads\/2023\/11\/Fondation_Adlania_OBJET-3095_5616-150x100.jpg 150w, https:\/\/calligraphie.adlania.net\/wp-content\/uploads\/2023\/11\/Fondation_Adlania_OBJET-3095_5616.jpg 1296w\" sizes=\"auto, (max-width: 1024px) 100vw, 1024px\" \/><\/a><\/div><div class=\"wpb_text_column us_custom_e2acedf8\"><div class=\"wpb_wrapper\"><p><strong>Ceramic tile<\/strong><br \/>Ottoman period<br \/>Style: Tughra<br \/>ADLANIA Foundation, Objects, OBJ-3095<\/p>\n<\/div><\/div><\/div><\/div><div class=\"wpb_column vc_column_container\"><div class=\"vc_column-inner\"><div class=\"w-image align_center\"><a ref=\"magnificPopup\" href=\"https:\/\/calligraphie.adlania.net\/wp-content\/uploads\/2023\/11\/Fondation_Adlania_MAN_436_414.jpg\" aria-label=\"Fondation_Adlania_MAN_436_414\" class=\"w-image-h\"><img loading=\"lazy\" decoding=\"async\" width=\"421\" height=\"1024\" src=\"https:\/\/calligraphie.adlania.net\/wp-content\/uploads\/2023\/11\/Fondation_Adlania_MAN_436_414-421x1024.jpg\" class=\"attachment-large size-large\" alt=\"\" srcset=\"https:\/\/calligraphie.adlania.net\/wp-content\/uploads\/2023\/11\/Fondation_Adlania_MAN_436_414-421x1024.jpg 421w, https:\/\/calligraphie.adlania.net\/wp-content\/uploads\/2023\/11\/Fondation_Adlania_MAN_436_414-123x300.jpg 123w, https:\/\/calligraphie.adlania.net\/wp-content\/uploads\/2023\/11\/Fondation_Adlania_MAN_436_414-329x800.jpg 329w, https:\/\/calligraphie.adlania.net\/wp-content\/uploads\/2023\/11\/Fondation_Adlania_MAN_436_414-62x150.jpg 62w, https:\/\/calligraphie.adlania.net\/wp-content\/uploads\/2023\/11\/Fondation_Adlania_MAN_436_414.jpg 892w\" sizes=\"auto, (max-width: 421px) 100vw, 421px\" \/><\/a><\/div><div class=\"wpb_text_column us_custom_e2acedf8\"><div class=\"wpb_wrapper\"><p style=\"text-align: center;\"><strong>Ottoman Firman (Sovereign Decree) with illuminated signature<\/strong><br \/>Styles: Diw\u00e2n\u00ee and Tughra<br \/>Paper, 79,8 x 27,7 cm<br \/>ADLANIA Foundation, Manuscripts, MAN-436<\/p>\n<\/div><\/div><\/div><\/div><\/div><\/div><\/section><section class=\"l-section wpb_row height_custom\"><div class=\"l-section-h i-cf\"><div class=\"g-cols vc_row via_grid cols_3 laptops-cols_inherit tablets-cols_inherit mobiles-cols_1 valign_middle type_default stacking_default\"><div class=\"wpb_column vc_column_container\"><div class=\"vc_column-inner\"><div class=\"w-image align_left\"><a ref=\"magnificPopup\" href=\"https:\/\/calligraphie.adlania.net\/wp-content\/uploads\/2023\/11\/Fondation_Adlania_OBJET_1187_003.jpg\" aria-label=\"Fondation_Adlania_OBJET_1187_003\" class=\"w-image-h\"><img loading=\"lazy\" decoding=\"async\" width=\"683\" height=\"1024\" src=\"https:\/\/calligraphie.adlania.net\/wp-content\/uploads\/2023\/11\/Fondation_Adlania_OBJET_1187_003-683x1024.jpg\" class=\"attachment-large size-large\" alt=\"\" srcset=\"https:\/\/calligraphie.adlania.net\/wp-content\/uploads\/2023\/11\/Fondation_Adlania_OBJET_1187_003-683x1024.jpg 683w, https:\/\/calligraphie.adlania.net\/wp-content\/uploads\/2023\/11\/Fondation_Adlania_OBJET_1187_003-200x300.jpg 200w, https:\/\/calligraphie.adlania.net\/wp-content\/uploads\/2023\/11\/Fondation_Adlania_OBJET_1187_003-533x800.jpg 533w, https:\/\/calligraphie.adlania.net\/wp-content\/uploads\/2023\/11\/Fondation_Adlania_OBJET_1187_003-100x150.jpg 100w, https:\/\/calligraphie.adlania.net\/wp-content\/uploads\/2023\/11\/Fondation_Adlania_OBJET_1187_003.jpg 1158w\" sizes=\"auto, (max-width: 683px) 100vw, 683px\" \/><\/a><\/div><div class=\"wpb_text_column us_custom_e2acedf8\"><div class=\"wpb_wrapper\"><p><strong>Censer<\/strong><br \/>Chased silver on copper<br \/>Height: 24 cm<br \/>ADLANIA Foundation, Objects, OBJ-1187<\/p>\n<\/div><\/div><\/div><\/div><div class=\"wpb_column vc_column_container\"><div class=\"vc_column-inner\"><div class=\"w-image align_none\"><div class=\"w-image-h\"><img loading=\"lazy\" decoding=\"async\" width=\"740\" height=\"1024\" src=\"https:\/\/calligraphie.adlania.net\/wp-content\/uploads\/2023\/11\/Fondation_Adlania_OBJET_2187_134-740x1024.jpg\" class=\"attachment-large size-large\" alt=\"\" srcset=\"https:\/\/calligraphie.adlania.net\/wp-content\/uploads\/2023\/11\/Fondation_Adlania_OBJET_2187_134-740x1024.jpg 740w, https:\/\/calligraphie.adlania.net\/wp-content\/uploads\/2023\/11\/Fondation_Adlania_OBJET_2187_134-217x300.jpg 217w, https:\/\/calligraphie.adlania.net\/wp-content\/uploads\/2023\/11\/Fondation_Adlania_OBJET_2187_134-578x800.jpg 578w, https:\/\/calligraphie.adlania.net\/wp-content\/uploads\/2023\/11\/Fondation_Adlania_OBJET_2187_134-108x150.jpg 108w, https:\/\/calligraphie.adlania.net\/wp-content\/uploads\/2023\/11\/Fondation_Adlania_OBJET_2187_134.jpg 1158w\" sizes=\"auto, (max-width: 740px) 100vw, 740px\" \/><\/div><\/div><div class=\"wpb_text_column us_custom_e2acedf8\"><div class=\"wpb_wrapper\"><p><strong>Bronze ewer<\/strong><br \/>Tughra inscription in medallion<br \/>19th century<br \/>ADLANIA Foundation, Objects, OBJ-2187<\/p>\n<\/div><\/div><\/div><\/div><div class=\"wpb_column vc_column_container\"><div class=\"vc_column-inner\"><div class=\"w-image align_none\"><a ref=\"magnificPopup\" href=\"https:\/\/calligraphie.adlania.net\/wp-content\/uploads\/2023\/11\/Fondation_Adlania_OBJ_2329_7361.jpg\" aria-label=\"Fondation_Adlania_OBJ_2329_7361\" class=\"w-image-h\"><img loading=\"lazy\" decoding=\"async\" width=\"1024\" height=\"394\" src=\"https:\/\/calligraphie.adlania.net\/wp-content\/uploads\/2023\/11\/Fondation_Adlania_OBJ_2329_7361-1024x394.jpg\" class=\"attachment-large size-large\" alt=\"\" srcset=\"https:\/\/calligraphie.adlania.net\/wp-content\/uploads\/2023\/11\/Fondation_Adlania_OBJ_2329_7361-1024x394.jpg 1024w, https:\/\/calligraphie.adlania.net\/wp-content\/uploads\/2023\/11\/Fondation_Adlania_OBJ_2329_7361-300x116.jpg 300w, https:\/\/calligraphie.adlania.net\/wp-content\/uploads\/2023\/11\/Fondation_Adlania_OBJ_2329_7361-800x308.jpg 800w, https:\/\/calligraphie.adlania.net\/wp-content\/uploads\/2023\/11\/Fondation_Adlania_OBJ_2329_7361-600x231.jpg 600w, https:\/\/calligraphie.adlania.net\/wp-content\/uploads\/2023\/11\/Fondation_Adlania_OBJ_2329_7361-150x58.jpg 150w, https:\/\/calligraphie.adlania.net\/wp-content\/uploads\/2023\/11\/Fondation_Adlania_OBJ_2329_7361.jpg 1296w\" sizes=\"auto, (max-width: 1024px) 100vw, 1024px\" \/><\/a><\/div><div class=\"wpb_text_column us_custom_e2acedf8\"><div class=\"wpb_wrapper\"><p><strong>Hand carved wooden spoon<\/strong><br \/>Ottoman period<br \/>25 x 7 x 3 cm<br \/>ADLANIA Foundation, Objects, OBJ-2329<\/p>\n<\/div><\/div><\/div><\/div><\/div><\/div><\/section>\n","protected":false},"excerpt":{"rendered":"","protected":false},"author":1,"featured_media":0,"parent":0,"menu_order":0,"comment_status":"closed","ping_status":"closed","template":"","meta":{"footnotes":""},"class_list":["post-1605","page","type-page","status-publish","hentry"],"_links":{"self":[{"href":"https:\/\/calligraphie.adlania.net\/en\/wp-json\/wp\/v2\/pages\/1605","targetHints":{"allow":["GET"]}}],"collection":[{"href":"https:\/\/calligraphie.adlania.net\/en\/wp-json\/wp\/v2\/pages"}],"about":[{"href":"https:\/\/calligraphie.adlania.net\/en\/wp-json\/wp\/v2\/types\/page"}],"author":[{"embeddable":true,"href":"https:\/\/calligraphie.adlania.net\/en\/wp-json\/wp\/v2\/users\/1"}],"replies":[{"embeddable":true,"href":"https:\/\/calligraphie.adlania.net\/en\/wp-json\/wp\/v2\/comments?post=1605"}],"version-history":[{"count":0,"href":"https:\/\/calligraphie.adlania.net\/en\/wp-json\/wp\/v2\/pages\/1605\/revisions"}],"wp:attachment":[{"href":"https:\/\/calligraphie.adlania.net\/en\/wp-json\/wp\/v2\/media?parent=1605"}],"curies":[{"name":"wp","href":"https:\/\/api.w.org\/{rel}","templated":true}]}}